{"id":102031,"date":"2013-09-25T21:38:21","date_gmt":"2013-09-26T00:38:21","guid":{"rendered":"https:\/\/2014.belohorizonte.wordcamp.org\/?page_id=102031"},"modified":"2014-03-19T23:09:02","modified_gmt":"2014-03-20T02:09:02","slug":"quero-patrocinar","status":"publish","type":"page","link":"https:\/\/belohorizonte.wordcamp.org\/2014\/quero-patrocinar\/","title":{"rendered":"Quero patrocinar"},"content":{"rendered":"<h5><em>Invista num evento Internacional, com um alcance m\u00e9dio de 25.000 a 30.000 pessoas.<\/em><\/h5>\n<p>O WordCamp \u00e9 um evento sem fins lucrativos.Mas para tornar vi\u00e1vel sua realiza\u00e7\u00e3o, precisamos da sua ajuda.<\/p>\n<p><span>WordCamps s\u00e3o eventos educacionais e sem fins lucrativos e a m<\/span><span>aioria do financiamento vem de volunt\u00e1rios empresariais e locais.\u00a0<\/span><span>Sem eles, WordCamp Belo Horizonte nunca iria acontecer.<\/span><\/p>\n<iframe src='https:\/\/www.slideshare.net\/slideshow\/embed_code\/32515307' width='1210' height='991' sandbox=\"allow-popups allow-scripts allow-same-origin allow-presentation\" allowfullscreen webkitallowfullscreen mozallowfullscreen><\/iframe>\n<p>Fa\u00e7a o<a href=\"https:\/\/2014.belohorizonte.wordcamp.org\/files\/2013\/09\/Midia-Kit.pdf\" target=\"_blank\"> Download do nosso\u00a0MidiaKit<\/a>\u00a0e conhe\u00e7a tudo sobre o evento. Qualquer d\u00favida, n\u00e3o deixe de enviar um email para <a title=\"Contato\" href=\"https:\/\/2014.belohorizonte.wordcamp.org\/contato\/\" target=\"_blank\">belohorizonte@wordcamp.org<\/a><\/p>\n","protected":false},"excerpt":{"rendered":"<p>Invista num evento Internacional, com um alcance m\u00e9dio de 25.000 a 30.000 pessoas. O WordCamp \u00e9 um evento sem fins lucrativos.Mas para tornar vi\u00e1vel sua realiza\u00e7\u00e3o, precisamos da sua ajuda. WordCamps s\u00e3o eventos educacionais e sem fins lucrativos e a maioria do financiamento vem de volunt\u00e1rios empresariais e locais.\u00a0Sem eles, WordCamp Belo Horizonte nunca iria &hellip; <a href=\"https:\/\/belohorizonte.wordcamp.org\/2014\/quero-patrocinar\/\" class=\"more-link\">Continue lendo <span class=\"screen-reader-text\">Quero patrocinar<\/span> <span class=\"meta-nav\">&rarr;<\/span><\/a><\/p>\n","protected":false},"author":405173,"featured_media":727434,"parent":0,"menu_order":0,"comment_status":"closed","ping_status":"open","template":"","meta":{"jetpack_post_was_ever_published":false,"footnotes":""},"class_list":["post-102031","page","type-page","status-publish","has-post-thumbnail","hentry"],"_links":{"self":[{"href":"https:\/\/belohorizonte.wordcamp.org\/2014\/wp-json\/wp\/v2\/pages\/102031","targetHints":{"allow":["GET"]}}],"collection":[{"href":"https:\/\/belohorizonte.wordcamp.org\/2014\/wp-json\/wp\/v2\/pages"}],"about":[{"href":"https:\/\/belohorizonte.wordcamp.org\/2014\/wp-json\/wp\/v2\/types\/page"}],"author":[{"embeddable":true,"href":"https:\/\/belohorizonte.wordcamp.org\/2014\/wp-json\/wp\/v2\/users\/405173"}],"replies":[{"embeddable":true,"href":"https:\/\/belohorizonte.wordcamp.org\/2014\/wp-json\/wp\/v2\/comments?post=102031"}],"version-history":[{"count":9,"href":"https:\/\/belohorizonte.wordcamp.org\/2014\/wp-json\/wp\/v2\/pages\/102031\/revisions"}],"predecessor-version":[{"id":860473,"href":"https:\/\/belohorizonte.wordcamp.org\/2014\/wp-json\/wp\/v2\/pages\/102031\/revisions\/860473"}],"wp:featuredmedia":[{"embeddable":true,"href":"https:\/\/belohorizonte.wordcamp.org\/2014\/wp-json\/wp\/v2\/media\/727434"}],"wp:attachment":[{"href":"https:\/\/belohorizonte.wordcamp.org\/2014\/wp-json\/wp\/v2\/media?parent=102031"}],"curies":[{"name":"wp","href":"https:\/\/api.w.org\/{rel}","templated":true}]}}