{"id":178816,"date":"2013-10-16T22:06:46","date_gmt":"2013-10-17T01:06:46","guid":{"rendered":"https:\/\/2014.belohorizonte.wordcamp.org\/?page_id=178816"},"modified":"2014-04-16T23:18:07","modified_gmt":"2014-04-17T02:18:07","slug":"conheca-belo-horizonte","status":"publish","type":"page","link":"https:\/\/belohorizonte.wordcamp.org\/2014\/conheca-belo-horizonte\/","title":{"rendered":"Conhe\u00e7a Belo Horizonte"},"content":{"rendered":"<p>Conhecida como a capital dos Bares, Belo Horizonte tem uma cena noturna agitada, principalmente nas regi\u00f5es da Savassi e Lourdes. Uma das sedes oficiais da Copa do Mundo FIFA de 2014, a capital mineira teve o privil\u00e9gio de receber, na d\u00e9cada de 40, um grande complexo arquitet\u00f4nico idealizado por Juscelino Kubitschek e projetado por Oscar Niemeyer. No entorno da Lagoa da Pampulha, as obras do arquiteto interagem com jardins de Burle Marx e pinturas de C\u00e2ndido Portinari, criando um cen\u00e1rio \u00edmpar. A regi\u00e3o da Pampulha \u00e9 tamb\u00e9m ber\u00e7o do est\u00e1dio Mineir\u00e3o e do gin\u00e1sio Mineirinho, os maiores complexos esportivos do estado.<br \/>\nPara quem gosta de culin\u00e1ria tradicional, BH oferece o melhor da cozinha mineira em dezenas de restaurantes. Dos mais tradicionais, at\u00e9 vers\u00f5es modernas, que oferecem releituras das receitas t\u00edpicas de Minas Gerais.<br \/>\nSendo a 5\u00aa maior economia do pa\u00eds \u00e9 um forte polo de neg\u00f3cios que vai muito al\u00e9m da fama adquirida com a forte explora\u00e7\u00e3o de minerais. Com um setor de servi\u00e7os aquecido e grandes obras de infraestrutura impulsionadas pela Copa, a cidade atrai cada vez mais investimentos. Um exemplo \u00e9 o setor hoteleiro, que sofre o maior boom j\u00e1 visto em sua hist\u00f3ria.<br \/>\nLar do Clube da Esquina e de bandas como Skank e Jota Quest, a Belo Horizonte \u00e9 um caldeir\u00e3o cultural efervescente, que vem esquentando ano a ano, principalmente atrav\u00e9s de iniciativas populares que promovem eventos gratuitos no centro da cidade, na regi\u00e3o de Santa Tereza, tradicional reduto bo\u00eamio e nas pra\u00e7as p\u00fablicas espalhadas pelo munic\u00edpio.<br \/>\nO WordCamp Belo Horizonte ser\u00e1 uma \u00f3tima oportunidade para quem deseja conhecer melhor alguns dos charmosos atributos dessa grande metr\u00f3pole. Venha participar.<\/p>\n<p>Quer conhecer melhor Belo Horizonte? Visite o <a href=\"http:\/\/www.soubh.com.br\/\" target=\"_blank\">Portal SouBH<\/a> e saiba tudo sobre BH.<\/p>\n","protected":false},"excerpt":{"rendered":"<p>Conhecida como a capital dos Bares, Belo Horizonte tem uma cena noturna agitada, principalmente nas regi\u00f5es da Savassi e Lourdes. Uma das sedes oficiais da Copa do Mundo FIFA de 2014, a capital mineira teve o privil\u00e9gio de receber, na d\u00e9cada de 40, um grande complexo arquitet\u00f4nico idealizado por Juscelino Kubitschek e projetado por Oscar &hellip; <a href=\"https:\/\/belohorizonte.wordcamp.org\/2014\/conheca-belo-horizonte\/\" class=\"more-link\">Continue lendo <span class=\"screen-reader-text\">Conhe\u00e7a Belo Horizonte<\/span> <span class=\"meta-nav\">&rarr;<\/span><\/a><\/p>\n","protected":false},"author":405173,"featured_media":727429,"parent":0,"menu_order":0,"comment_status":"open","ping_status":"open","template":"","meta":{"jetpack_post_was_ever_published":false,"footnotes":""},"class_list":["post-178816","page","type-page","status-publish","has-post-thumbnail","hentry"],"_links":{"self":[{"href":"https:\/\/belohorizonte.wordcamp.org\/2014\/wp-json\/wp\/v2\/pages\/178816","targetHints":{"allow":["GET"]}}],"collection":[{"href":"https:\/\/belohorizonte.wordcamp.org\/2014\/wp-json\/wp\/v2\/pages"}],"about":[{"href":"https:\/\/belohorizonte.wordcamp.org\/2014\/wp-json\/wp\/v2\/types\/page"}],"author":[{"embeddable":true,"href":"https:\/\/belohorizonte.wordcamp.org\/2014\/wp-json\/wp\/v2\/users\/405173"}],"replies":[{"embeddable":true,"href":"https:\/\/belohorizonte.wordcamp.org\/2014\/wp-json\/wp\/v2\/comments?post=178816"}],"version-history":[{"count":5,"href":"https:\/\/belohorizonte.wordcamp.org\/2014\/wp-json\/wp\/v2\/pages\/178816\/revisions"}],"predecessor-version":[{"id":1013308,"href":"https:\/\/belohorizonte.wordcamp.org\/2014\/wp-json\/wp\/v2\/pages\/178816\/revisions\/1013308"}],"wp:featuredmedia":[{"embeddable":true,"href":"https:\/\/belohorizonte.wordcamp.org\/2014\/wp-json\/wp\/v2\/media\/727429"}],"wp:attachment":[{"href":"https:\/\/belohorizonte.wordcamp.org\/2014\/wp-json\/wp\/v2\/media?parent=178816"}],"curies":[{"name":"wp","href":"https:\/\/api.w.org\/{rel}","templated":true}]}}