{"id":444882,"date":"2013-12-23T17:06:59","date_gmt":"2013-12-23T20:06:59","guid":{"rendered":"https:\/\/2014.belohorizonte.wordcamp.org\/?page_id=444882"},"modified":"2014-02-25T21:14:11","modified_gmt":"2014-02-26T00:14:11","slug":"organizadores","status":"publish","type":"page","link":"https:\/\/belohorizonte.wordcamp.org\/2014\/organizadores\/","title":{"rendered":"Organizadores"},"content":{"rendered":"<p>\u00c9 gra\u00e7as a essas lendas, que o WordCamp saiu do papel.<\/p>\n\t<div class=\"wcorg-organizers\">\n\n\t\t\n\t\t\t<div class=\"wcorg-organizer\">\n\t\t\t\t<h2>Val\u00e9rio Souza<\/h2>\n\t\t\t\t<div class=\"wcorg-organizer-description\">\n\t\t\t\t\t\t\t\t\t\t<img alt='' src='https:\/\/secure.gravatar.com\/avatar\/47cd7962239f71e643b9b00f5eae21c1a4a33793fe2206946dbbabdc34ee93d7?s=100&#038;d=mm&#038;r=g' srcset='https:\/\/secure.gravatar.com\/avatar\/47cd7962239f71e643b9b00f5eae21c1a4a33793fe2206946dbbabdc34ee93d7?s=200&#038;d=mm&#038;r=g 2x' class='avatar avatar-100 photo' height='100' width='100' \/>\t\t\t\t\t<p>\u00c9 Especialista WordPress desde 2008 e trabalha com WEB desde 1998, \u00e9 Articulista do iMasters e do Tudo para WordPress. Estudante de Publicidade e Propaganda na Est\u00e1cio de S\u00e1 e formado em Marketing. Participa do desenvolvimento das novas vers\u00f5es do WordPress e desenvolvedor da Ag\u00eancia Trii. Entusiasta e Evangelista da plataforma, membro da comunidade Brasileira, um dos criadores do Belo Horizonte WordPress Group e organizador do WordCamp BH<\/p>\n\t\t\t\t<\/div>\n\t\t\t<\/div>\n\n\t\t\n\t\t\t<div class=\"wcorg-organizer\">\n\t\t\t\t<h2>Mateus Neves<\/h2>\n\t\t\t\t<div class=\"wcorg-organizer-description\">\n\t\t\t\t\t\t\t\t\t\t<img alt='' src='https:\/\/secure.gravatar.com\/avatar\/bd10d7177e7b77ace5b3684e333200aff40943f96463dbcb7cc1de7a8219becd?s=100&#038;d=mm&#038;r=g' srcset='https:\/\/secure.gravatar.com\/avatar\/bd10d7177e7b77ace5b3684e333200aff40943f96463dbcb7cc1de7a8219becd?s=200&#038;d=mm&#038;r=g 2x' class='avatar avatar-100 photo' height='100' width='100' \/>\t\t\t\t\t\t\t\t\t<\/div>\n\t\t\t<\/div>\n\n\t\t\n\t\t\t<div class=\"wcorg-organizer\">\n\t\t\t\t<h2>Davi Alves<\/h2>\n\t\t\t\t<div class=\"wcorg-organizer-description\">\n\t\t\t\t\t\t\t\t\t\t<img alt='' src='https:\/\/secure.gravatar.com\/avatar\/79b272fd428ea048dac569c5b55f7ed289f581cda056f5c5d53b107891b04a14?s=100&#038;d=mm&#038;r=g' srcset='https:\/\/secure.gravatar.com\/avatar\/79b272fd428ea048dac569c5b55f7ed289f581cda056f5c5d53b107891b04a14?s=200&#038;d=mm&#038;r=g 2x' class='avatar avatar-100 photo' height='100' width='100' \/>\t\t\t\t\t<p>\u00c9 desenvolvedor web aficionado por WordPress desde 2009 graduado em sistemas para internet,<br \/>\n\u00e9 um dos criadores do Belo Horizonte WordPress Group \u00e9 diretor web da ag\u00eancia Nauweb,<br \/>\n\u00e9 articulista do site iMasters e criador do blog\u00a0<a href=\"http:\/\/daviwp.com\/\" target=\"_blank\">daviwp.com<\/a>\u00a0onde compartilha conhecimentos entre os aficionados por WordPress.<\/p>\n\t\t\t\t<\/div>\n\t\t\t<\/div>\n\n\t\t\n\t<\/div><!-- .wcorg-organizers -->\n\t\n","protected":false},"excerpt":{"rendered":"<p>\u00c9 gra\u00e7as a essas lendas, que o WordCamp saiu do papel.<\/p>\n","protected":false},"author":8185969,"featured_media":0,"parent":0,"menu_order":0,"comment_status":"open","ping_status":"open","template":"","meta":{"jetpack_post_was_ever_published":false,"footnotes":""},"class_list":["post-444882","page","type-page","status-publish","hentry"],"_links":{"self":[{"href":"https:\/\/belohorizonte.wordcamp.org\/2014\/wp-json\/wp\/v2\/pages\/444882","targetHints":{"allow":["GET"]}}],"collection":[{"href":"https:\/\/belohorizonte.wordcamp.org\/2014\/wp-json\/wp\/v2\/pages"}],"about":[{"href":"https:\/\/belohorizonte.wordcamp.org\/2014\/wp-json\/wp\/v2\/types\/page"}],"author":[{"embeddable":true,"href":"https:\/\/belohorizonte.wordcamp.org\/2014\/wp-json\/wp\/v2\/users\/8185969"}],"replies":[{"embeddable":true,"href":"https:\/\/belohorizonte.wordcamp.org\/2014\/wp-json\/wp\/v2\/comments?post=444882"}],"version-history":[{"count":4,"href":"https:\/\/belohorizonte.wordcamp.org\/2014\/wp-json\/wp\/v2\/pages\/444882\/revisions"}],"predecessor-version":[{"id":739706,"href":"https:\/\/belohorizonte.wordcamp.org\/2014\/wp-json\/wp\/v2\/pages\/444882\/revisions\/739706"}],"wp:attachment":[{"href":"https:\/\/belohorizonte.wordcamp.org\/2014\/wp-json\/wp\/v2\/media?parent=444882"}],"curies":[{"name":"wp","href":"https:\/\/api.w.org\/{rel}","templated":true}]}}