{"id":10,"date":"2014-09-05T16:33:56","date_gmt":"2014-09-05T16:33:56","guid":{"rendered":"https:\/\/2015.belohorizonte.wordcamp.org)\/organizers\/"},"modified":"2015-03-05T13:09:45","modified_gmt":"2015-03-05T16:09:45","slug":"organizadores","status":"publish","type":"page","link":"https:\/\/belohorizonte.wordcamp.org\/2015\/organizadores\/","title":{"rendered":"Organizadores"},"content":{"rendered":"\t<div class=\"wcorg-organizers\">\n\n\t\t\n\t\t\t<div class=\"wcorg-organizer\">\n\t\t\t\t<h2>Valerio Souza<\/h2>\n\t\t\t\t<div class=\"wcorg-organizer-description\">\n\t\t\t\t\t\t\t\t\t\t<img alt='' src='https:\/\/secure.gravatar.com\/avatar\/47cd7962239f71e643b9b00f5eae21c1a4a33793fe2206946dbbabdc34ee93d7?s=100&#038;d=wavatar&#038;r=g' srcset='https:\/\/secure.gravatar.com\/avatar\/47cd7962239f71e643b9b00f5eae21c1a4a33793fe2206946dbbabdc34ee93d7?s=200&#038;d=wavatar&#038;r=g 2x' class='avatar avatar-100 photo' height='100' width='100' \/>\t\t\t\t\t<p>\u00c9 Especialista WordPress desde 2008 e trabalha com WEB desde 1998, \u00e9 Articulista de diversos sites sobre WordPress, estudou Publicidade e Propaganda e ap\u00f3s alguns anos Marketing. Participa do desenvolvimento das novas vers\u00f5es e da tradu\u00e7\u00e3o do WordPress \u00a0e do Jetpack. Entusiasta e Evangelista da plataforma, membro da comunidade Brasileira, um dos criadores do Belo Horizonte WordPress Group e organizador do WordCamp BH.<\/p>\n\t\t\t\t<\/div>\n\t\t\t<\/div>\n\n\t\t\n\t\t\t<div class=\"wcorg-organizer\">\n\t\t\t\t<h2>Gabriela Leroy<\/h2>\n\t\t\t\t<div class=\"wcorg-organizer-description\">\n\t\t\t\t\t\t\t\t\t\t<img alt='' src='https:\/\/secure.gravatar.com\/avatar\/94eb9a8f9cad8059d0049e9bf611a659b17d42262526c2060c863b8bc9138c8c?s=100&#038;d=wavatar&#038;r=g' srcset='https:\/\/secure.gravatar.com\/avatar\/94eb9a8f9cad8059d0049e9bf611a659b17d42262526c2060c863b8bc9138c8c?s=200&#038;d=wavatar&#038;r=g 2x' class='avatar avatar-100 photo' height='100' width='100' \/>\t\t\t\t\t<p class=\"p1\"><span class=\"s1\">Mais conhecida como Bih Denizot, \u00e9 graduada em Publicidade e Propaganda pela Universidade FUMEC. Passou por ag\u00eancias durante o processo de forma\u00e7\u00e3o profissional e hoje trabalha na Rock Content. Apaixonada por marketing de conte\u00fado, n\u00e3o vive sem caneta e papel. Entusiasta do WordPress, come\u00e7ou a ter contato com a plataforma logo cedo quando, por algum motivo que n\u00e3o se lembra, resolveu criar um blog durante o ensino m\u00e9dio. Gosta de viajar, estuda budismo e acredita no melhor das pessoas.<\/span><\/p>\n\t\t\t\t<\/div>\n\t\t\t<\/div>\n\n\t\t\n\t\t\t<div class=\"wcorg-organizer\">\n\t\t\t\t<h2>Diego Lee<\/h2>\n\t\t\t\t<div class=\"wcorg-organizer-description\">\n\t\t\t\t\t\t\t\t\t\t<img alt='' src='https:\/\/secure.gravatar.com\/avatar\/9fc155efaae773e6fd2e9976e0a75c4ab65fed04a8fcd8c8a75b1aa47f1d8178?s=100&#038;d=wavatar&#038;r=g' srcset='https:\/\/secure.gravatar.com\/avatar\/9fc155efaae773e6fd2e9976e0a75c4ab65fed04a8fcd8c8a75b1aa47f1d8178?s=200&#038;d=wavatar&#038;r=g 2x' class='avatar avatar-100 photo' height='100' width='100' \/>\t\t\t\t\t<p>Diego Lee \u00e9 Bacharel em Administra\u00e7\u00e3o de Empresas, empres\u00e1rio, trabalha na \u00e1rea de publicidade. Come\u00e7ou carreira no ramo de Usinagem Geral, ap\u00f3s fazer curso t\u00e9cnico no SENAI\/MG, depois fez curso no SENAC\/MG e ingressou na \u00e1rea de TI, realizando suporte, montagem e manuten\u00e7\u00e3o de computadores, em seguida conheceu o outro lado da TI no ramo de implanta\u00e7\u00e3o de sistemas ERP, possui v\u00e1rios cursos na \u00e1rea de M\u00eddias Digitais e Google Adwords \u00e9 co-organizador do WordCamp BH, gosta de viajar pelo Brasil, \u00e9 nascido e criado em Belo Horizonte, Atleticano e Crist\u00e3o.<\/p>\n\t\t\t\t<\/div>\n\t\t\t<\/div>\n\n\t\t\n\t\t\t<div class=\"wcorg-organizer\">\n\t\t\t\t<h2>Davi Alves<\/h2>\n\t\t\t\t<div class=\"wcorg-organizer-description\">\n\t\t\t\t\t\t\t\t\t\t<img alt='' src='https:\/\/secure.gravatar.com\/avatar\/79b272fd428ea048dac569c5b55f7ed289f581cda056f5c5d53b107891b04a14?s=100&#038;d=wavatar&#038;r=g' srcset='https:\/\/secure.gravatar.com\/avatar\/79b272fd428ea048dac569c5b55f7ed289f581cda056f5c5d53b107891b04a14?s=200&#038;d=wavatar&#038;r=g 2x' class='avatar avatar-100 photo' height='100' width='100' \/>\t\t\t\t\t<p>\u00c9 desenvolvedor web aficionado por WordPress desde 2009 graduado em sistemas para internet,\u00a0\u00e9 um dos criadores do Belo Horizonte WordPress Group \u00e9 diretor web da ag\u00eancia Nauweb,\u00a0\u00e9 articulista de sites\u00a0onde compartilha conhecimentos entre os aficionados por WordPress.<\/p>\n\t\t\t\t<\/div>\n\t\t\t<\/div>\n\n\t\t\n\t\t\t<div class=\"wcorg-organizer\">\n\t\t\t\t<h2>Carol Gomes<\/h2>\n\t\t\t\t<div class=\"wcorg-organizer-description\">\n\t\t\t\t\t\t\t\t\t\t<img alt='' src='https:\/\/secure.gravatar.com\/avatar\/3646eb57be19a4454bbe9048439e784ee9dccf49da9a99d5e7b9e13782f5b01a?s=100&#038;d=wavatar&#038;r=g' srcset='https:\/\/secure.gravatar.com\/avatar\/3646eb57be19a4454bbe9048439e784ee9dccf49da9a99d5e7b9e13782f5b01a?s=200&#038;d=wavatar&#038;r=g 2x' class='avatar avatar-100 photo' height='100' width='100' \/>\t\t\t\t\t<p>Carol Gomes \u00e9 graduada em Design Gr\u00e1fico pela Una, em Belo Horizonte e possui 8 anos de experi\u00eancia em comunica\u00e7\u00e3o online e offline em ag\u00eancias de comunica\u00e7\u00e3o integrada, ag\u00eancias de comunica\u00e7\u00e3o digital, entre outras empresas. Atualmente, desenvolve seus projetos de maneira &#8220;solo&#8221; em parceria com outros profissionais. \u00c9 fascinada por provar novas tecnologias, conhecer lugares legais, viajar, degustar cervejas locais e fazer compras pela internet. Tem f\u00e9 que o compartilhamento de conhecimento tem o poder de mudar o mundo e que sem arte, a vida por si s\u00f3 n\u00e3o seria suficiente.<\/p>\n\t\t\t\t<\/div>\n\t\t\t<\/div>\n\n\t\t\n\t<\/div><!-- .wcorg-organizers -->\n\t\n","protected":false},"excerpt":{"rendered":"","protected":false},"author":8185969,"featured_media":0,"parent":0,"menu_order":0,"comment_status":"open","ping_status":"open","template":"","meta":{"jetpack_post_was_ever_published":false,"footnotes":""},"class_list":["post-10","page","type-page","status-publish","hentry"],"jetpack_shortlink":"https:\/\/wp.me\/P51o6h-a","jetpack_sharing_enabled":true,"jetpack_likes_enabled":false,"jetpack-related-posts":[],"_links":{"self":[{"href":"https:\/\/belohorizonte.wordcamp.org\/2015\/wp-json\/wp\/v2\/pages\/10","targetHints":{"allow":["GET"]}}],"collection":[{"href":"https:\/\/belohorizonte.wordcamp.org\/2015\/wp-json\/wp\/v2\/pages"}],"about":[{"href":"https:\/\/belohorizonte.wordcamp.org\/2015\/wp-json\/wp\/v2\/types\/page"}],"author":[{"embeddable":true,"href":"https:\/\/belohorizonte.wordcamp.org\/2015\/wp-json\/wp\/v2\/users\/8185969"}],"replies":[{"embeddable":true,"href":"https:\/\/belohorizonte.wordcamp.org\/2015\/wp-json\/wp\/v2\/comments?post=10"}],"version-history":[{"count":3,"href":"https:\/\/belohorizonte.wordcamp.org\/2015\/wp-json\/wp\/v2\/pages\/10\/revisions"}],"predecessor-version":[{"id":495,"href":"https:\/\/belohorizonte.wordcamp.org\/2015\/wp-json\/wp\/v2\/pages\/10\/revisions\/495"}],"wp:attachment":[{"href":"https:\/\/belohorizonte.wordcamp.org\/2015\/wp-json\/wp\/v2\/media?parent=10"}],"curies":[{"name":"wp","href":"https:\/\/api.w.org\/{rel}","templated":true}]}}