{"id":1504,"date":"2015-04-01T21:47:04","date_gmt":"2015-04-02T00:47:04","guid":{"rendered":"https:\/\/2015.belohorizonte.wordcamp.org\/?page_id=1504"},"modified":"2015-04-06T22:05:57","modified_gmt":"2015-04-07T01:05:57","slug":"badges","status":"publish","type":"page","link":"https:\/\/belohorizonte.wordcamp.org\/2015\/badges\/","title":{"rendered":"Badges"},"content":{"rendered":"<p>Badges para divulga\u00e7\u00e3o do #wordcampbh 2015. Caso prefira, voc\u00ea poder\u00e1 usar o plugin\u00a0<a href=\"https:\/\/wordpress.org\/plugins\/wordcamp-belo-horizonte-badges\/\" target=\"_blank\">wordpress.org\/plugins\/wordcamp-belo-horizonte-badges<\/a><\/p>\n<h2>Eu vou Participar<\/h2>\n<div class=\"col-md-5\"><img data-recalc-dims=\"1\" decoding=\"async\" class=\" size-full wp-image-1490\" src=\"https:\/\/i0.wp.com\/2015.belohorizonte.wordcamp.org\/files\/2015\/04\/wordcampbh_badge_participante1.png?w=1920&#038;ssl=1\" alt=\"wordcampbh_badge_participante\" \/><\/div>\n<div class=\"col-md-7\"><textarea style=\"margin: 0px;width: 322px;height: 160px\">&lt;a href=&#8221;https:\/\/2015.belohorizonte.wordcamp.org\/&#8221;&gt;&lt;img src=&#8221;https:\/\/2015.belohorizonte.wordcamp.org\/files\/2015\/04\/wordcampbh_badge_participante.png&#8221; alt=&#8221;Eu vou Participar do WordCamp Belo Horizonte 2015&#8243; title=&#8221;Eu vou Participar do WordCamp Belo Horizonte 2015&#8243; \/&gt;&lt;\/a&gt;<\/textarea><\/div>\n<p>&nbsp;<\/p>\n<h2><\/h2>\n<hr \/>\n<h2>Eu sou Palestrante<\/h2>\n<div class=\"col-md-5\"><img data-recalc-dims=\"1\" decoding=\"async\" class=\" size-full wp-image-1490\" src=\"https:\/\/i0.wp.com\/2015.belohorizonte.wordcamp.org\/files\/2015\/04\/wordcampbh_badge_palestrante1.png?w=1920&#038;ssl=1\" alt=\"wordcampbh_badge_palestrante\" \/><\/div>\n<div class=\"col-md-7\"><textarea style=\"margin: 0px;width: 322px;height: 160px\">&lt;a href=&#8221;https:\/\/2015.belohorizonte.wordcamp.org\/&#8221;&gt;&lt;img src=&#8221;https:\/\/2015.belohorizonte.wordcamp.org\/files\/2015\/04\/wordcampbh_badge_palestrante.png&#8221; alt=&#8221;Eu vou Palestrar no WordCamp Belo Horizonte 2015&#8243; title=&#8221;Eu vou Palestrar no WordCamp Belo Horizonte 2015&#8243; \/&gt;&lt;\/a&gt;<\/textarea><\/div>\n<p>&nbsp;<\/p>\n<h2><\/h2>\n<hr \/>\n<h2>Eu sou Patrocinador<\/h2>\n<div class=\"col-md-5\"><img data-recalc-dims=\"1\" decoding=\"async\" class=\" size-full wp-image-1490\" src=\"https:\/\/i0.wp.com\/2015.belohorizonte.wordcamp.org\/files\/2015\/04\/wordcampbh_badge_patrocinador1.png?w=1920&#038;ssl=1\" alt=\"wordcampbh_badge_patrocinador\" \/><\/div>\n<div class=\"col-md-7\"><textarea style=\"margin: 0px;width: 322px;height: 160px\">&lt;a href=&#8221;https:\/\/2015.belohorizonte.wordcamp.org\/&#8221;&gt;&lt;img src=&#8221;https:\/\/2015.belohorizonte.wordcamp.org\/files\/2015\/04\/wordcampbh_badge_patrocinador.png&#8221; alt=&#8221;Eu sou Patrocinador do WordCamp Belo Horizonte 2015&#8243; title=&#8221;Eu sou Patrocinador do WordCamp Belo Horizonte 2015&#8243; \/&gt;&lt;\/a&gt;<\/textarea><\/div>\n<p>&nbsp;<\/p>\n<h2><\/h2>\n<hr \/>\n<h2>Eu sou Volunt\u00e1rio<\/h2>\n<div class=\"col-md-5\"><img data-recalc-dims=\"1\" decoding=\"async\" class=\" size-full wp-image-1490\" src=\"https:\/\/i0.wp.com\/2015.belohorizonte.wordcamp.org\/files\/2015\/04\/wordcampbh_badge_voluntario1.png?w=1920&#038;ssl=1\" alt=\"wordcampbh_badge_patrocinador\" \/><\/div>\n<div class=\"col-md-7\"><textarea style=\"margin: 0px;width: 322px;height: 160px\">&lt;a href=&#8221;https:\/\/2015.belohorizonte.wordcamp.org\/&#8221;&gt;&lt;img src=&#8221;https:\/\/2015.belohorizonte.wordcamp.org\/files\/2015\/04\/wordcampbh_badge_voluntario.png&#8221; alt=&#8221;Eu sou Volunt\u00e1rio do WordCamp Belo Horizonte 2015&#8243; title=&#8221;Eu sou Volunt\u00e1rio do WordCamp Belo Horizonte 2015&#8243; \/&gt;&lt;\/a&gt;<\/textarea><\/div>\n","protected":false},"excerpt":{"rendered":"<p>Badges para divulga\u00e7\u00e3o do #wordcampbh 2015. Caso prefira, voc\u00ea poder\u00e1 usar o plugin\u00a0wordpress.org\/plugins\/wordcamp-belo-horizonte-badges Eu vou Participar &lt;a href=&#8221;https:\/\/2015.belohorizonte.wordcamp.org\/&#8221;&gt;&lt;img src=&#8221;https:\/\/2015.belohorizonte.wordcamp.org\/files\/2015\/04\/wordcampbh_badge_participante.png&#8221; alt=&#8221;Eu vou Participar do WordCamp Belo Horizonte 2015&#8243; title=&#8221;Eu vou Participar do WordCamp Belo Horizonte 2015&#8243; \/&gt;&lt;\/a&gt; &nbsp; Eu sou Palestrante &lt;a href=&#8221;https:\/\/2015.belohorizonte.wordcamp.org\/&#8221;&gt;&lt;img src=&#8221;https:\/\/2015.belohorizonte.wordcamp.org\/files\/2015\/04\/wordcampbh_badge_palestrante.png&#8221; alt=&#8221;Eu vou Palestrar no WordCamp Belo Horizonte 2015&#8243; title=&#8221;Eu vou Palestrar no &hellip; <a href=\"https:\/\/belohorizonte.wordcamp.org\/2015\/badges\/\" class=\"more-link\">Continue lendo <span class=\"screen-reader-text\">Badges<\/span> <span class=\"meta-nav\">&rarr;<\/span><\/a><\/p>\n","protected":false},"author":8185969,"featured_media":0,"parent":0,"menu_order":0,"comment_status":"open","ping_status":"open","template":"","meta":{"jetpack_post_was_ever_published":false,"footnotes":""},"class_list":["post-1504","page","type-page","status-publish","hentry"],"jetpack_shortlink":"https:\/\/wp.me\/P51o6h-og","jetpack_sharing_enabled":true,"jetpack_likes_enabled":false,"jetpack-related-posts":[],"_links":{"self":[{"href":"https:\/\/belohorizonte.wordcamp.org\/2015\/wp-json\/wp\/v2\/pages\/1504","targetHints":{"allow":["GET"]}}],"collection":[{"href":"https:\/\/belohorizonte.wordcamp.org\/2015\/wp-json\/wp\/v2\/pages"}],"about":[{"href":"https:\/\/belohorizonte.wordcamp.org\/2015\/wp-json\/wp\/v2\/types\/page"}],"author":[{"embeddable":true,"href":"https:\/\/belohorizonte.wordcamp.org\/2015\/wp-json\/wp\/v2\/users\/8185969"}],"replies":[{"embeddable":true,"href":"https:\/\/belohorizonte.wordcamp.org\/2015\/wp-json\/wp\/v2\/comments?post=1504"}],"version-history":[{"count":15,"href":"https:\/\/belohorizonte.wordcamp.org\/2015\/wp-json\/wp\/v2\/pages\/1504\/revisions"}],"predecessor-version":[{"id":1556,"href":"https:\/\/belohorizonte.wordcamp.org\/2015\/wp-json\/wp\/v2\/pages\/1504\/revisions\/1556"}],"wp:attachment":[{"href":"https:\/\/belohorizonte.wordcamp.org\/2015\/wp-json\/wp\/v2\/media?parent=1504"}],"curies":[{"name":"wp","href":"https:\/\/api.w.org\/{rel}","templated":true}]}}