{"id":17,"date":"2014-09-05T16:33:56","date_gmt":"2014-09-05T19:33:56","guid":{"rendered":"https:\/\/2015.belohorizonte.wordcamp.org)\/code-of-conduct\/"},"modified":"2015-03-05T13:56:46","modified_gmt":"2015-03-05T16:56:46","slug":"codigo-de-conduta","status":"publish","type":"page","link":"https:\/\/belohorizonte.wordcamp.org\/2015\/sobre\/codigo-de-conduta\/","title":{"rendered":"C\u00f3digo de Conduta"},"content":{"rendered":"<p><strong>1. Prop\u00f3sito<\/strong><\/p>\n<p>O WordCamp Belo Horizonte\u00a0acredita que nossa comunidade deve ser totalmente aberta para todos. Desta forma, estamos comprometidos a oferecer um ambiente amig\u00e1vel, seguro e acolhedor para todos, n\u00e3o importando o sexo, orienta\u00e7\u00e3o sexual, defici\u00eancias f\u00edsicas, etnicidade, religi\u00e3o, sistema operacional preferido, linguagem de programa\u00e7\u00e3o ou editor de texto.<\/p>\n<p>Este c\u00f3digo de conduta descreve as nossas expectativas para o comportamento do participante, bem como as consequ\u00eancias para o comportamento inaceit\u00e1vel.<\/p>\n<p>Convidamos a todos os patrocinadores, volunt\u00e1rios, palestrantes, inscritos e outros participantes para nos ajudar a manter uma experi\u00eancia de confer\u00eancia segura e positiva para todos.<\/p>\n<p><strong>2. Sendo um bom cidad\u00e3o WordPress<\/strong><\/p>\n<p>A meta suplementar desse c\u00f3digo de conduta \u00e9 aumentar a cidadania de c\u00f3digo aberto, incentivando os participantes a reconhecer e fortalecer as rela\u00e7\u00f5es entre o que fazemos e da comunidade em geral.<\/p>\n<p>No prop\u00f3sito desse objetivo, os organizadores do WordCamp Belo Horizonte\u00a0ir\u00e3o aceitar nomea\u00e7\u00f5es para cidad\u00e3os exemplares durante todo o evento e ir\u00e3o destacar estes participantes ap\u00f3s a confer\u00eancia no site do WordCamp Belo Horizonte.<\/p>\n<p>Se voc\u00ea souber de algu\u00e9m que est\u00e1 fazendo um esfor\u00e7o extra para garantir que nossa comunidade seja acolhedora e simp\u00e1tica, incentivando os participantes a contribuir ao m\u00e1ximo, n\u00f3s queremos saber. Voc\u00ea pode nomear algu\u00e9m na mesa de inscri\u00e7\u00e3o ou entrando em\u00a0<a title=\"Contato\" href=\"https:\/\/2015.belohorizonte.wordcamp.org\/contato\/\">contato<\/a>.<\/p>\n<p><strong>3. Comportamento esperado<\/strong><\/p>\n<p>Seja atencioso, respeitoso e colaborativo.<br \/>\nAbstenha-se de humilhar, discriminar ou assediar, seja comportalmente ou atrav\u00e9s de discurso\/fala ofensiva.<br \/>\nEsteja consciente de seu entorno e de seus colegas participantes. Alerte os organizadores da confer\u00eancia, se voc\u00ea notar uma situa\u00e7\u00e3o perigosa ou algu\u00e9m em perigo.<br \/>\nParticipe de uma forma aut\u00eantica e ativa. Ao fazer isso, voc\u00ea ajuda a manter o WordCamp Belo Horizonte\u00a0e fazer parte de sua hist\u00f3ria.<\/p>\n<p><strong>4. Comportamento inaceit\u00e1vel<\/strong><\/p>\n<p>Comportamentos inaceit\u00e1veis \u200b\u200bincluem: intimidar, ofender, abusar, discriminar, depreciar ou humilhar quaisquer participantes do WordCamp Belo Horizonte\u00a0e eventos relacionados. Todas as depend\u00eancias do WordCamp Belo Horizonte\u00a0podem ser compartilhadas com frequentadores da faculdade. Por favor, seja respeitoso com estas pessoas.<\/p>\n<p>Por ass\u00e9dio, entende-se: coment\u00e1rios ofensivos verbais relacionadas ao sexo, orienta\u00e7\u00e3o sexual, ra\u00e7a, religi\u00e3o, defici\u00eancias f\u00edsicas, uso inadequado de nudez e \/ ou imagens sexuais em espa\u00e7os p\u00fablicos (incluindo apresenta\u00e7\u00e3o de slides); intimida\u00e7\u00e3o, persegui\u00e7\u00e3o deliberada ou ap\u00f3s; ass\u00e9dio fotogr\u00e1fico ou grava\u00e7\u00e3o; cont\u00ednua interrup\u00e7\u00e3o de palestras ou oficinas; contato f\u00edsico inapropriado, e aten\u00e7\u00e3o sexual indesejada.<\/p>\n<p><strong>5. Consequ\u00eancias de um comportamento inaceit\u00e1vel<\/strong><\/p>\n<p>Comportamento inaceit\u00e1vel n\u00e3o ser\u00e1 tolerado, quer seja por inscritos, organizadores, pessoas locais, patrocinadores ou outros participantes do WordCamp Belo Horizonte.<\/p>\n<p>Quem for pedido para parar com algum comportamento inaceit\u00e1vel dever\u00e1 cumprir imediatamente.<\/p>\n<p>Se algum participante mostrar comportamento inaceit\u00e1vel, os organizadores da confer\u00eancia podem tomar qualquer a\u00e7\u00e3o que considerem ser adequadas, inclusive a expuls\u00e3o da confer\u00eancia, sem aviso ou reembolso.<\/p>\n<p><strong>6. O que fazer se voc\u00ea testemunhar ou for sujeito a um comportamento inaceit\u00e1vel<\/strong><\/p>\n<p>Se voc\u00ea for sujeito a um comportamento inaceit\u00e1vel, ou perceber que algu\u00e9m est\u00e1 sendo sujeito a um comportamento inaceit\u00e1vel, ou tem outras preocupa\u00e7\u00f5es, por favor notifique um organizador da confer\u00eancia, o mais rapidamente poss\u00edvel.<\/p>\n<p>A equipe do WordCamp Belo Horizonte\u00a0estar\u00e1 dispon\u00edvel para ajudar os participantes a contatar a seguran\u00e7a local ou mesmo a pol\u00edcia, para escoltar, ou para ajudar de outra forma aqueles que estiverem sofrendo um comportamento inaceit\u00e1vel, para que desta forma sintam-se seguros durante a confer\u00eancia. Volunt\u00e1rios estar\u00e3o presentes durante o evento, e qualquer volunt\u00e1rio poder\u00e1 coloc\u00e1-lo em contato com um organizador da confer\u00eancia.<\/p>\n<p><strong>7. Escopo<\/strong><\/p>\n<p>Esperamos que todos os participantes da confer\u00eancia (patrocinadores, volunt\u00e1rios, palestrantes, participantes e outros convidados) respeitem este c\u00f3digo de conduta em todas as salas do evento e eventos sociais relacionados.<\/p>\n<p><strong>8. Informa\u00e7\u00f5es para contato<\/strong><\/p>\n<p>Fale conosco pela nossa p\u00e1gina de <a title=\"Contato\" href=\"https:\/\/2015.belohorizonte.wordcamp.org\/contato\/\">contato<\/a>.<\/p>\n<p><strong>9. Licen\u00e7a e atribui\u00e7\u00e3o<\/strong><\/p>\n<p>Este C\u00f3digo de Conduta \u00e9 inspirado no trabalho incr\u00edvel da Open Source Bridge, mas substitu\u00eddo com as informa\u00e7\u00f5es do nosso evento. O original est\u00e1 dispon\u00edvel em<a href=\"http:\/\/opensourcebridge.org\/about\/code-of-conduct\/\" target=\"_blank\">http:\/\/opensourcebridge.org\/about\/code-of-conduct\/<\/a> e \u00e9 distribu\u00eddo sob uma licen\u00e7a Creative Commons Attribution-ShareAlike license.<\/p>\n","protected":false},"excerpt":{"rendered":"<p>1. Prop\u00f3sito O WordCamp Belo Horizonte\u00a0acredita que nossa comunidade deve ser totalmente aberta para todos. Desta forma, estamos comprometidos a oferecer um ambiente amig\u00e1vel, seguro e acolhedor para todos, n\u00e3o importando o sexo, orienta\u00e7\u00e3o sexual, defici\u00eancias f\u00edsicas, etnicidade, religi\u00e3o, sistema operacional preferido, linguagem de programa\u00e7\u00e3o ou editor de texto. Este c\u00f3digo de conduta descreve as &hellip; <a href=\"https:\/\/belohorizonte.wordcamp.org\/2015\/sobre\/codigo-de-conduta\/\" class=\"more-link\">Continue lendo <span class=\"screen-reader-text\">C\u00f3digo de Conduta<\/span> <span class=\"meta-nav\">&rarr;<\/span><\/a><\/p>\n","protected":false},"author":8185969,"featured_media":0,"parent":517,"menu_order":0,"comment_status":"open","ping_status":"closed","template":"","meta":{"jetpack_post_was_ever_published":false,"footnotes":""},"class_list":["post-17","page","type-page","status-publish","hentry"],"jetpack_shortlink":"https:\/\/wp.me\/P51o6h-h","jetpack_sharing_enabled":true,"jetpack_likes_enabled":false,"jetpack-related-posts":[],"_links":{"self":[{"href":"https:\/\/belohorizonte.wordcamp.org\/2015\/wp-json\/wp\/v2\/pages\/17","targetHints":{"allow":["GET"]}}],"collection":[{"href":"https:\/\/belohorizonte.wordcamp.org\/2015\/wp-json\/wp\/v2\/pages"}],"about":[{"href":"https:\/\/belohorizonte.wordcamp.org\/2015\/wp-json\/wp\/v2\/types\/page"}],"author":[{"embeddable":true,"href":"https:\/\/belohorizonte.wordcamp.org\/2015\/wp-json\/wp\/v2\/users\/8185969"}],"replies":[{"embeddable":true,"href":"https:\/\/belohorizonte.wordcamp.org\/2015\/wp-json\/wp\/v2\/comments?post=17"}],"version-history":[{"count":2,"href":"https:\/\/belohorizonte.wordcamp.org\/2015\/wp-json\/wp\/v2\/pages\/17\/revisions"}],"predecessor-version":[{"id":502,"href":"https:\/\/belohorizonte.wordcamp.org\/2015\/wp-json\/wp\/v2\/pages\/17\/revisions\/502"}],"up":[{"embeddable":true,"href":"https:\/\/belohorizonte.wordcamp.org\/2015\/wp-json\/wp\/v2\/pages\/517"}],"wp:attachment":[{"href":"https:\/\/belohorizonte.wordcamp.org\/2015\/wp-json\/wp\/v2\/media?parent=17"}],"curies":[{"name":"wp","href":"https:\/\/api.w.org\/{rel}","templated":true}]}}