{"id":511,"date":"2015-03-05T13:40:55","date_gmt":"2015-03-05T16:40:55","guid":{"rendered":"https:\/\/2015.belohorizonte.wordcamp.org\/?page_id=511"},"modified":"2015-04-27T14:04:49","modified_gmt":"2015-04-27T17:04:49","slug":"guia-de-sobrevivencia","status":"publish","type":"page","link":"https:\/\/belohorizonte.wordcamp.org\/2015\/local\/guia-de-sobrevivencia\/","title":{"rendered":"Guia de Sobreviv\u00eancia"},"content":{"rendered":"<p>Ol\u00e1!<\/p>\n<p>Seja bem-vindo ao WordCamp BH 2015.<\/p>\n<p>Esse \u00e9 seu Guia de Sobreviv\u00eancia em BH. Por favor, caso falte alguma informa\u00e7\u00e3o, entre em contato com a organiza\u00e7\u00e3o do evento.<\/p>\n<p><b>LOCAL, DATA E HORA<\/b><\/p>\n<p>O WordCamp 2015 acontecer\u00e1 no dia 13 de Junho de 2015, no Teatro Ney Soares \u2013 UniBH \u2013 Campus Lagoinha.<\/p>\n<p>Rua Diamantina, 463 \u2013 Lagoinha \u2013 Belo Horizonte \u2013 MG.<\/p>\n<p><b>In\u00edcio:<\/b> 08:00hrs<\/p>\n<p><b>T\u00e9rmino:<\/b> 18:00hrs<\/p>\n<div class=\"googlemaps\">\n\t\t\t\t<iframe loading=\"lazy\" width=\"800\" height=\"300\" frameborder=\"0\" scrolling=\"no\" marginheight=\"0\" marginwidth=\"0\"  src=\"https:\/\/www.google.com\/maps\/embed?pb=!1m14!1m8!1m3!1d7502.826586091356!2d-43.944095701043224!3d-19.90698131976806!3m2!1i1024!2i768!4f13.1!3m3!1m2!1s0xa69a005f2db447:0x4bbef409b5671d1e!2sR.%20Diamantina,%20567%20-%20Lagoinha,%20Belo%20Horizonte%20-%20MG,%2031110-320,%20Brasil!5e0!3m2!1spt-BR!2sus!4v1425573010611\"><\/iframe>\n\t\t\t<\/div>\n<p>Link do mapa:<\/p>\n<p><a href=\"http:\/\/bit.ly\/1DQ0JV8\" target=\"_blank\">http:\/\/bit.ly\/1DQ0JV8<\/a><\/p>\n<h4><\/h4>\n<h4><b>COMO CHEGAR \u00c0 UNIBH<\/b><\/h4>\n<p>A Pra\u00e7a Sete \u00e9 um dos principais s\u00edmbolos da cidade e, por estar no centro da capital, tornou-se um excelente ponto de refer\u00eancia.<\/p>\n<p>Tendo como base esse local, aprenda a chegar na UniBH \u2013 Campus Lagoinha.<\/p>\n<p><a href=\"http:\/\/bit.ly\/1DYNFQ0\" target=\"_blank\">http:\/\/bit.ly\/1DYNFQ0<\/a><\/p>\n<p><strong>BRT MOVE:<\/strong><\/p>\n<p>Forma mais r\u00e1pida de chegar ao Campos Lagoinha, onde fica o Teatro Ney Soares.<br \/>\n<span style=\"line-height: 1.5\">Local de descida: <\/span><strong style=\"line-height: 1.5\">Esta\u00e7\u00e3o Senai<br \/>\n<\/strong><strong style=\"line-height: 1.5\">Linhas:\u00a0<\/strong><span style=\"line-height: 1.5\">51, 52, 63, 68, 5106, 5250, 5401, 5550, 8101, 5201.<\/span><\/p>\n<p><strong>Dicas:<br \/>\nBRT 5106<br \/>\n<\/strong>Avenida Afonso Pena, em frente ao n\u00famero 749. Esquina com Pra\u00e7a 7.<br \/>\nPra\u00e7a da Liberdade e na Savassi,<br \/>\nAvenida Cristov\u00e3o Colombo, em frente aos n\u00fameros 280, 666.<\/p>\n<p><strong>\u00d4nibus<\/strong><\/p>\n<p><b>Linha 4102:<\/b> Avenida Afonso Pena, em frente ao n\u00famero 749<\/p>\n<p><b>Linha 4103:<\/b> Avenida Afonso Pena, em frente ao n\u00famero 749<\/p>\n<p><b>Linha 4106:<\/b> Avenida Afonso Pena, em frente ao n\u00famero 749<\/p>\n<p><b>Linha 4205:<\/b> Avenida Amazonas, em frente ao n\u00famero 491<\/p>\n<p><b>Linha 9502:<\/b> Avenida Amazonas, em frente ao n\u00famero 322<\/p>\n<p><b>SA\u00cdDA DO\u00a0Royal Golden Hotel<\/b><\/p>\n<p><a href=\"https:\/\/goo.gl\/maps\/Ch5mO\" target=\"_blank\">https:\/\/goo.gl\/maps\/Ch5mO<\/a><\/p>\n<p><b>Linha 4102:<\/b> Avenida Afonso Pena, em frente ao n\u00famero 2323<\/p>\n<p><b>Linha 4103:<\/b> Avenida Afonso Pena, em frente ao n\u00famero 2323<\/p>\n<h4><\/h4>\n<h4><b>COMO CHEGAR \u00c0 BELO HORIZONTE<\/b><\/h4>\n<p><b>AEROPORTOS:<\/b><\/p>\n<ul>\n<li>\u00a0\u00a0\u00a0\u00a0\u00a0\u00a0\u00a0\u00a0<b>Aeroporto Internacional de Confins (CNF) \u2013 Voos Dom\u00e9sticos e Internacionais<\/b><\/li>\n<\/ul>\n<p>Companhias a\u00e9reas: Gol, Tam, Azul, Avianca, TAP, Copa, American Airlines, Aerolineas Argentinas<\/p>\n<p><b>Transporte<\/b><\/p>\n<ol>\n<li>\u00a0\u00a0\u00a0\u00a0\u00a0\u00a0Taxi Metropolitano Oficial \u2013 Cerca de R$120,00 at\u00e9 o centro.<\/li>\n<li>\u00a0\u00a0\u00a0\u00a0\u00a0\u00a0\u00d4nibus Conex\u00e3o Aeroporto \u2013 A partir de R$8,75 \u2013 at\u00e9 a Rodovi\u00e1ria ou Terminal Central.<a href=\"http:\/\/www.conexaoaeroporto.com.br\"> www.conexaoaeroporto.com.br<\/a><\/li>\n<\/ol>\n<ul>\n<li>\u00a0\u00a0\u00a0\u00a0\u00a0\u00a0\u00a0\u00a0<b>Aeroporto da Pampulha (BHZ) \u2013 Voos Regionais<\/b><\/li>\n<\/ul>\n<p>Companhias a\u00e9reas: Azul, Passaredo<\/p>\n<p><b>Transporte<\/b><\/p>\n<ol>\n<li>\u00a0\u00a0\u00a0\u00a0\u00a0\u00a0Taxi Municipal\u00a0\u2013 Cerca de R$50,00 at\u00e9 o centro.<\/li>\n<li>\u00a0\u00a0\u00a0\u00a0\u00a0\u00a0\u00d4nibus Conex\u00e3o Aeroporto \u2013 A partir de R$10,70 \u2013 at\u00e9 a Rodovi\u00e1ria ou Terminal Central.<a href=\"http:\/\/www.conexaoaeroporto.com.br\"> www.conexaoaeroporto.com.br<\/a><\/li>\n<\/ol>\n<p>Dica: V\u00e1 de \u00f4nibus at\u00e9 a rodovi\u00e1ria ou Terminal \u00c1lvares Cabral e pegue um taxi convencional at\u00e9 o local desejado.<\/p>\n<p><b>RODOVI\u00c1RIO<\/b><\/p>\n<ul>\n<li>\u00a0\u00a0\u00a0\u00a0\u00a0\u00a0\u00a0\u00a0<b>Carro<\/b><\/li>\n<\/ul>\n<p>Rodovias que cruzam Belo Horizonte: BR-040 (BR-356), BR-381 (Fern\u00e3o Dias), BR-262.<\/p>\n<ul>\n<li>\u00a0\u00a0\u00a0\u00a0\u00a0\u00a0\u00a0\u00a0<b>\u00d4nibus<\/b><\/li>\n<\/ul>\n<p>Empresas que fazem linhas para Belo Horizonte: Gontijo, S\u00e3o Geraldo, \u00c1guia Branca, \u00datil, Itapemirim, Cometa, Atual, P\u00e1ssaro Verde, Presidente, etc.<\/p>\n<p>Saiba mais em:<a href=\"http:\/\/portal7.pbh.gov.br\/silir\/linhas.pbh?method=iniciar\"> http:\/\/portal7.pbh.gov.br\/silir\/linhas.pbh?method=iniciar<\/a><\/p>\n<p><b>TREM<\/b><\/p>\n<p>Belo Horizonte possui uma linha de trem de passageiros que faz rota de Vit\u00f3ria \u00e0 Minas Gerais. A sa\u00edda \u00e9 di\u00e1ria e o trem conta com vag\u00f5es executivos, econ\u00f4micos e restaurante.<\/p>\n<p>Saiba mais em:<a href=\"http:\/\/www.vale.com\/brasil\/PT\/business\/logistics\/railways\/Passenger-Train-Vitoria-Minas\/Paginas\/default.aspx\"> http:\/\/www.vale.com\/brasil\/PT\/business\/logistics\/railways\/Passenger-Train-Vitoria-Minas\/Paginas\/default.aspx<\/a><\/p>\n<h4><\/h4>\n<h4><b>ONDE FICAR<\/b><\/h4>\n<ul>\n<li>\u00a0\u00a0\u00a0\u00a0\u00a0\u00a0\u00a0\u00a0<b>Oficial<\/b><\/li>\n<\/ul>\n<ol>\n<li><b><\/b> \u00a0\u00a0\u00a0<b>Royal Golden Hotel<\/b><\/li>\n<\/ol>\n<p>Localiza\u00e7\u00e3o: Rua Rio Grande do Norte, 1015\u00a0\u2013\u00a0Savassi<\/p>\n<p>Telefone: (+55) 31 21010000<\/p>\n<p><a href=\"http:\/\/www.royalhoteis.com.br\/golden\/hotel-directions.html\" target=\"_blank\">http:\/\/www.royalhoteis.com.br\/golden\/hotel-directions.html<\/a><\/p>\n<p><em><strong>Desconto especial para participantes do WordCamp BH 2015. Veja mais em\u00a0<a href=\"http:\/\/wp.me\/p51o6h-rY\">http:\/\/wp.me\/p51o6h-rY<\/a><\/strong><\/em><\/p>\n<ul>\n<li>\u00a0\u00a0\u00a0\u00a0\u00a0\u00a0\u00a0\u00a0<b>Alto Padr\u00e3o<\/b><\/li>\n<\/ul>\n<ol>\n<li><b><\/b> \u00a0\u00a0 <b>Bristol Horizonte Hotel<\/b><\/li>\n<\/ol>\n<p>Localiza\u00e7\u00e3o: Rua Desembargador Amilcar de Castro, s\/n\u00b0 \u2013 \u00a0Buritis<\/p>\n<p>Telefone: (+55) 0800 645 1816 \/ (+55) 0800 411 816<\/p>\n<p><a href=\"http:\/\/www.bristolhoteis.com.br\/br\/hotel\/apresentacao.aspx?NumHotel=64\">http:\/\/www.bristolhoteis.com.br\/br\/hotel\/apresentacao.aspx?NumHotel=64<\/a><\/p>\n<ol start=\"2\">\n<li><b><\/b> \u00a0\u00a0 <b>Mercure Lourdes Hotel<\/b><\/li>\n<\/ol>\n<p>Localiza\u00e7\u00e3o: Avenida do Contorno, 7315 \u2013 Lourdes<\/p>\n<p>Telefone: (+55) 31 3298-4100<\/p>\n<p><a href=\"http:\/\/www.mercure.com\/pt\/hotel-3575-mercure-belo-horizonte-lourdes-hotel\/index.shtml\">http:\/\/www.mercure.com\/pt\/hotel-3575-mercure-belo-horizonte-lourdes-hotel\/index.shtml<\/a><\/p>\n<ol start=\"3\">\n<li><b><\/b> \u00a0\u00a0 <b>Caeser Business<\/b><\/li>\n<\/ol>\n<p>Localiza\u00e7\u00e3o: Avenida Lu\u00eds Paulo Franco, 421 \u2013 Belvedere<\/p>\n<p>Telefone: (+55) 31 2123-9898<\/p>\n<p><a href=\"http:\/\/www.mercure.com\/pt-br\/hotel-8944-caesar-business-belo-horizonte-belvedere\/index.shtml\">http:\/\/www.mercure.com\/pt-br\/hotel-8944-caesar-business-belo-horizonte-belvedere\/index.shtml<\/a><\/p>\n<ul>\n<li>\u00a0\u00a0\u00a0\u00a0\u00a0\u00a0\u00a0\u00a0<b>M\u00e9dio Padr\u00e3o<\/b><\/li>\n<\/ul>\n<ol>\n<li><b><\/b> \u00a0\u00a0\u00a0\u00a0\u00a0<b>Boulevard Plaza<\/b><\/li>\n<\/ol>\n<p>Localiza\u00e7\u00e3o: Av. Get\u00falio Vargas, 1640 \u2013 Savassi<\/p>\n<p>Telefone: (+55) 31 3269-7000<\/p>\n<p><a href=\"http:\/\/www.hotelboulevardplazabh.com.br\/\">http:\/\/www.hotelboulevardplazabh.com.br\/<\/a><\/p>\n<ol start=\"2\">\n<li><b><\/b> \u00a0\u00a0\u00a0\u00a0\u00a0<b>Bristol Merit Hotel<\/b><\/li>\n<\/ol>\n<p>Localiza\u00e7\u00e3o: Rua dos Tam\u00f3ios, 341 \u2013 Centro<\/p>\n<p>Telefone: (+55) 0800 283 9988<\/p>\n<p><a href=\"http:\/\/bit.ly\/1kCBsEB\">http:\/\/bit.ly\/1kCBsEB<\/a><\/p>\n<ol start=\"3\">\n<li><b><\/b> \u00a0\u00a0\u00a0\u00a0\u00a0<b>Boulevard Express<\/b><\/li>\n<\/ol>\n<p>Localiza\u00e7\u00e3o: Rua Sergipe, 1415 \u2013 Savassi<\/p>\n<p>Telefone: (+55) 31 3269-7300<\/p>\n<p><a href=\"http:\/\/www.hotelboulevardexpressbh.com.br\/\">http:\/\/www.hotelboulevardexpressbh.com.br\/<\/a><\/p>\n<ol start=\"4\">\n<li><b><\/b> \u00a0\u00a0\u00a0\u00a0\u00a0<b>Hotel ibis<\/b><\/li>\n<\/ol>\n<p>Localiza\u00e7\u00e3o: Av. Jo\u00e3o PInheiro, 602 \u2013 Lourdes<\/p>\n<p>Telefone: (+55) 31 2111-1500<\/p>\n<p><a href=\"http:\/\/www.ibis.com\/pt\/hotel-5298-ibis-belo-horizonte-liberdade\/index.shtml\">http:\/\/www.ibis.com\/pt\/hotel-5298-ibis-belo-horizonte-liberdade\/index.shtml<\/a><\/p>\n<ol>\n<li>\u00a0\u00a0 <b>Ibis Budget Belo Horizonte Afonso Pena<\/b><\/li>\n<\/ol>\n<p>Localiza\u00e7\u00e3o: Rua Rio Grande do Norte, 784 \u2013 Centro<\/p>\n<p>Telefone: (+55) 31 21084750<\/p>\n<p><a href=\"http:\/\/www.accorhotels.com\/pt-br\/hotel-8527-ibis-budget-belo-horizonte-afonso-pena\/index.shtml\">http:\/\/www.accorhotels.com\/pt-br\/hotel-8527-ibis-budget-belo-horizonte-afonso-pena\/index.shtml<\/a><\/p>\n<ul>\n<li>\u00a0\u00a0\u00a0\u00a0\u00a0\u00a0\u00a0\u00a0<b>Baixo Padr\u00e3o<\/b><\/li>\n<\/ul>\n<ol>\n<li><b><\/b> \u00a0\u00a0 <b>Mosaic Hotel<\/b><\/li>\n<\/ol>\n<p>Localiza\u00e7\u00e3o: Av. Augusto de Lima, 550 \u2013 Centro<\/p>\n<p>Telefone: (+55) 31 3214-0489 \/ 31 3643-0489<\/p>\n<p><a href=\"http:\/\/www.hotelmosaic.com.br\/\">http:\/\/www.hotelmosaic.com.br\/<\/a><\/p>\n<ol start=\"2\">\n<li><b><\/b> \u00a0\u00a0 <b>Max Savassi Apart Service<\/b><\/li>\n<\/ol>\n<p>Localiza\u00e7\u00e3o: Rua Ant\u00f4nio de Albuquerque, 335 \u2013 Savassi<\/p>\n<p>Telefone: (+55) 31 2101-6466<\/p>\n<p><a href=\"http:\/\/www.maxsavassi.com.br\/\">http:\/\/www.maxsavassi.com.br\/<\/a><\/p>\n<ol start=\"3\">\n<li><b><\/b> \u00a0\u00a0 <b>Hotel Financial<\/b><\/li>\n<\/ol>\n<p>Localiza\u00e7\u00e3o: Av. Afonso Pena, 571 \u2013 Centro<\/p>\n<p>Telefone: (+55) 31 3270-4000<\/p>\n<p><a href=\"http:\/\/www.hotelfinancial.com.br\/\">http:\/\/www.hotelfinancial.com.br<\/a><\/p>\n<ol start=\"4\">\n<li><b><\/b> \u00a0\u00a0 <b>Hotel S\u00e3o Bento<\/b><\/li>\n<\/ol>\n<p>Localiza\u00e7\u00e3o: Rua Guarani, 438 \u2013 Centro<\/p>\n<p>Telefone: +55 (31) 3025-3399 \u00a0\u00a0e \u00a0\u00a0+55 (31) 3271-3399<\/p>\n<p><a href=\"http:\/\/www.hotelsaobento.com.br\/\">http:\/\/www.hotelsaobento.com.br\/<\/a><\/p>\n<ul>\n<li>\n<h4><b>Albergues\/Hostel<\/b><\/h4>\n<\/li>\n<li><b><\/b><strong>Collaborate Hostel<\/strong><\/li>\n<\/ul>\n<p>Localiza\u00e7\u00e3o:\u00a0Rua Padre Severino, 399 \u2013 S\u00e3o Pedro<\/p>\n<p>Telefone: (+55) 31\u00a03564 9924<\/p>\n<p><a href=\"http:\/\/collaboratehostel.com\/\" target=\"_blank\">http:\/\/collaboratehostel.com\/<\/a><\/p>\n<ul>\n<li><b>Laranja Mec\u00e2nica<\/b><\/li>\n<\/ul>\n<p>Localiza\u00e7\u00e3o: Rua Rodrigues Caldas, 703 \u2013 Santo Agostinho<\/p>\n<p>Telefone: (+55) 31 3291-0192<\/p>\n<p><a href=\"http:\/\/laranjamecanicahostelpousada.com\/\">http:\/\/laranjamecanicahostelpousada.com\/<\/a><\/p>\n<ul>\n<li><b><\/b><b>Ginga Hostel<\/b><\/li>\n<\/ul>\n<p>Localiza\u00e7\u00e3o: Rua Gabriel dos Santos \u2013 Serra<\/p>\n<p>Telefone: (+55) 31 3586-6113<\/p>\n<p><a href=\"http:\/\/www.gingahostel.com.br\/\">http:\/\/www.gingahostel.com.br\/<\/a><\/p>\n<ul>\n<li><b><\/b><b>Hostel Santa Tereza<\/b><\/li>\n<\/ul>\n<p>Localiza\u00e7\u00e3o: Rua Hermillo Alves, 270 \u2013 Santa Tereza<\/p>\n<p>Telefone: (+55) 31 2535-0106<\/p>\n<p><a href=\"http:\/\/www.hostelsantatereza.com.br\/\">http:\/\/www.hostelsantatereza.com.br\/<\/a><\/p>\n<h2><\/h2>\n<h2><b>O QUE FAZER\/ONDE IR<\/b><\/h2>\n<p><b>BARES<\/b><\/p>\n<ol>\n<li><b><\/b> \u00a0\u00a0\u00a0\u00a0\u00a0\u00a0<b>80 Bar<\/b><\/li>\n<\/ol>\n<p>Rua Para\u00edba, 1338 \u2013 Savassi<\/p>\n<p><a href=\"http:\/\/www.soubh.com.br\/comer-e-beber\/bares\/80-bar\/\">http:\/\/www.soubh.com.br\/comer-e-beber\/bares\/80-bar\/<\/a><\/p>\n<ol start=\"2\">\n<li><b><\/b> \u00a0\u00a0\u00a0\u00a0\u00a0\u00a0<b>Adega da Cacha\u00e7a<\/b><\/li>\n<\/ol>\n<p>Rua Artur Alvin, 110 \u2013 Horto<\/p>\n<p>Telefone: (+55) 3467-3511<\/p>\n<p><a href=\"http:\/\/www.soubh.com.br\/comer-e-beber\/bares\/adega-da-cachaca\/\">http:\/\/www.soubh.com.br\/comer-e-beber\/bares\/adega-da-cachaca\/<\/a><\/p>\n<ol start=\"3\">\n<li><b><\/b> \u00a0\u00a0\u00a0\u00a0\u00a0\u00a0<b>Al Capone<\/b><\/li>\n<\/ol>\n<p>Avenida Get\u00falio Vargas, 820 \u2013 Savassi<\/p>\n<p><a href=\"http:\/\/www.soubh.com.br\/comer-e-beber\/bares\/al-capone\/\">http:\/\/www.soubh.com.br\/comer-e-beber\/bares\/al-capone\/<\/a><\/p>\n<ol start=\"4\">\n<li><b><\/b> \u00a0\u00a0\u00a0\u00a0\u00a0\u00a0<b>Arc\u00e2ngelo Bar Caf\u00e9<\/b><\/li>\n<\/ol>\n<p>Rua da Bahia, 1148, 2\u00b0 andar \u2013 Centro<\/p>\n<p><a href=\"http:\/\/www.soubh.com.br\/comer-e-beber\/bares\/arcangelo-bar-cafe\/\">http:\/\/www.soubh.com.br\/comer-e-beber\/bares\/arcangelo-bar-cafe\/<\/a><\/p>\n<p><b>RESTAURANTES<\/b><\/p>\n<ol>\n<li><b><\/b> \u00a0\u00a0\u00a0\u00a0\u00a0\u00a0<b>2014 Restaurante<\/b><\/li>\n<\/ol>\n<p>Rua Levindo Lopees, 158 \u2013 Savassi<\/p>\n<p>Telefone: (+55) 3327-6766<\/p>\n<p><a href=\"http:\/\/www.restaurantedoano.com.br\/quemsomos.php\">http:\/\/www.restaurantedoano.com.br\/quemsomos.php<\/a><\/p>\n<ol start=\"2\">\n<li><b><\/b> \u00a0\u00a0\u00a0\u00a0\u00a0\u00a0<b>Duke \u2018n\u2019 Duke<\/b><\/li>\n<\/ol>\n<p>Centro: Avenida Augusto de Lima, 245 \u2013 Centro.<\/p>\n<p>Savassi: Rua Alagoas, 1470 \u2013 Savassi<\/p>\n<p>Telefone: (+55) 31 3264-9857<\/p>\n<p><a href=\"http:\/\/www.soubh.com.br\/comer-e-beber\/bares\/duke-n-duke\/\">http:\/\/www.soubh.com.br\/comer-e-beber\/bares\/duke-n-duke\/<\/a><\/p>\n<ol start=\"3\">\n<li><b><\/b> \u00a0\u00a0\u00a0\u00a0\u00a0\u00a0<b>Alegria<\/b><\/li>\n<\/ol>\n<p>Rua Sergipe, 1530 \u2013 Savassi<\/p>\n<p>Telefone: (+55) 3047-7970<\/p>\n<p><a href=\"http:\/\/www.soubh.com.br\/comer-e-beber\/restaurantes\/alegria\/\">http:\/\/www.soubh.com.br\/comer-e-beber\/restaurantes\/alegria\/<\/a><\/p>\n<ol start=\"4\">\n<li><b><\/b> \u00a0\u00a0\u00a0\u00a0\u00a0\u00a0<b>Eddie Fine Burger<\/b><\/li>\n<\/ol>\n<p>Lourdes: Avenida Oleg\u00e1rio Maciel, 1600 \u2013 Lourdes \/ Rua da Bahia, 2652 \u2013 Lourdes<\/p>\n<p>S\u00e3o Pedro: Avenida do Contorno, 6061 \u2013 S\u00e3o Pedro<\/p>\n<p>Telefone: (+55) 31 3282-4606<\/p>\n<p><a href=\"https:\/\/eddiefineburgers.wordpress.com\/\">https:\/\/eddiefineburgers.wordpress.com\/<\/a><\/p>\n<h2><\/h2>\n<h2><b>DICION\u00c1RIO MINEIRO<\/b><\/h2>\n<ol>\n<li>\u00a0\u00a0\u00a0\u00a0\u00a0\u00a0Trem = Qualquer coisa<\/li>\n<li>\u00a0\u00a0\u00a0\u00a0\u00a0\u00a0Metr\u00f4 = Trem<\/li>\n<li>\u00a0\u00a0\u00a0\u00a0\u00a0\u00a0Pronc\u00eavai? = Pra onde voc\u00ea vai?<\/li>\n<li>\u00a0\u00a0\u00a0\u00a0\u00a0\u00a0\u00c9 logali\/\u00c9 Pertim = \u00e9 logo ali?\/\u00c9 Perto (dist\u00e2ncia referente a 100 quil\u00f4metros mais ou menos podendo chegar a 150)<\/li>\n<li>\u00a0\u00a0\u00a0\u00a0\u00a0\u00a0Uai = Uai \u00e9 Uai s\u00f4<\/li>\n<li>\u00a0\u00a0\u00a0\u00a0\u00a0\u00a0BH = Belzonte = Beag\u00e1 = Belo Horizonte<\/li>\n<li>\u00a0\u00a0\u00a0\u00a0\u00a0\u00a0Cadin = Pouquinho<\/li>\n<\/ol>\n","protected":false},"excerpt":{"rendered":"<p>Ol\u00e1! Seja bem-vindo ao WordCamp BH 2015. Esse \u00e9 seu Guia de Sobreviv\u00eancia em BH. Por favor, caso falte alguma informa\u00e7\u00e3o, entre em contato com a organiza\u00e7\u00e3o do evento. LOCAL, DATA E HORA O WordCamp 2015 acontecer\u00e1 no dia 13 de Junho de 2015, no Teatro Ney Soares \u2013 UniBH \u2013 Campus Lagoinha. Rua Diamantina, &hellip; <a href=\"https:\/\/belohorizonte.wordcamp.org\/2015\/local\/guia-de-sobrevivencia\/\" class=\"more-link\">Continue lendo <span class=\"screen-reader-text\">Guia de Sobreviv\u00eancia<\/span> <span class=\"meta-nav\">&rarr;<\/span><\/a><\/p>\n","protected":false},"author":8185969,"featured_media":0,"parent":9,"menu_order":0,"comment_status":"open","ping_status":"open","template":"","meta":{"jetpack_post_was_ever_published":false,"footnotes":""},"class_list":["post-511","page","type-page","status-publish","hentry"],"jetpack_shortlink":"https:\/\/wp.me\/P51o6h-8f","jetpack_sharing_enabled":true,"jetpack_likes_enabled":false,"jetpack-related-posts":[],"_links":{"self":[{"href":"https:\/\/belohorizonte.wordcamp.org\/2015\/wp-json\/wp\/v2\/pages\/511","targetHints":{"allow":["GET"]}}],"collection":[{"href":"https:\/\/belohorizonte.wordcamp.org\/2015\/wp-json\/wp\/v2\/pages"}],"about":[{"href":"https:\/\/belohorizonte.wordcamp.org\/2015\/wp-json\/wp\/v2\/types\/page"}],"author":[{"embeddable":true,"href":"https:\/\/belohorizonte.wordcamp.org\/2015\/wp-json\/wp\/v2\/users\/8185969"}],"replies":[{"embeddable":true,"href":"https:\/\/belohorizonte.wordcamp.org\/2015\/wp-json\/wp\/v2\/comments?post=511"}],"version-history":[{"count":8,"href":"https:\/\/belohorizonte.wordcamp.org\/2015\/wp-json\/wp\/v2\/pages\/511\/revisions"}],"predecessor-version":[{"id":1741,"href":"https:\/\/belohorizonte.wordcamp.org\/2015\/wp-json\/wp\/v2\/pages\/511\/revisions\/1741"}],"up":[{"embeddable":true,"href":"https:\/\/belohorizonte.wordcamp.org\/2015\/wp-json\/wp\/v2\/pages\/9"}],"wp:attachment":[{"href":"https:\/\/belohorizonte.wordcamp.org\/2015\/wp-json\/wp\/v2\/media?parent=511"}],"curies":[{"name":"wp","href":"https:\/\/api.w.org\/{rel}","templated":true}]}}