{"id":524,"date":"2015-03-05T14:00:56","date_gmt":"2015-03-05T17:00:56","guid":{"rendered":"https:\/\/2015.belohorizonte.wordcamp.org\/?page_id=524"},"modified":"2015-03-05T14:00:56","modified_gmt":"2015-03-05T17:00:56","slug":"conheca-belo-horizonte","status":"publish","type":"page","link":"https:\/\/belohorizonte.wordcamp.org\/2015\/sobre\/conheca-belo-horizonte\/","title":{"rendered":"Conhe\u00e7a Belo Horizonte"},"content":{"rendered":"<p>Conhecida como a capital dos bares, Belo Horizonte tem uma cena noturna agitada, principalmente nas regi\u00f5es da Savassi e Lourdes. Na d\u00e9cada de 40, um grande complexo arquitet\u00f4nico idealizado por Juscelino Kubitschek e projetado por Oscar Niemeyer. No entorno da Lagoa da Pampulha, as obras do arquiteto interagem com jardins de Burle Marx e pinturas de C\u00e2ndido Portinari, criando um cen\u00e1rio \u00edmpar. A regi\u00e3o da Pampulha \u00e9 tamb\u00e9m ber\u00e7o do est\u00e1dio Mineir\u00e3o e do gin\u00e1sio Mineirinho, os maiores complexos esportivos do estado.<\/p>\n<p>Para quem gosta de culin\u00e1ria tradicional, BH oferece o melhor da cozinha mineira em dezenas de restaurantes. Dos mais tradicionais, at\u00e9 vers\u00f5es modernas, que oferecem releituras das receitas t\u00edpicas de Minas Gerais.<\/p>\n<p>Belo Horizonte \u00e9 um grande centro cultural, que vem evoluindo ano a ano, principalmente atrav\u00e9s de iniciativas populares que promovem eventos gratuitos no centro da cidade, na regi\u00e3o de Santa Tereza, tradicional reduto bo\u00eamio e nas pra\u00e7as p\u00fablicas espalhadas pelo munic\u00edpio.<\/p>\n<p>O WordCamp Belo Horizonte ser\u00e1 uma \u00f3tima oportunidade para quem deseja conhecer melhor alguns dos charmosos atributos dessa grande metr\u00f3pole. Venha participar.<\/p>\n<p>Quer conhecer melhor Belo Horizonte? Visite o <a href=\"http:\/\/www.soubh.com.br\/\" target=\"_blank\">Portal SouBH<\/a> e saiba tudo sobre BH.<\/p>\n<p>&nbsp;<\/p>\n","protected":false},"excerpt":{"rendered":"<p>Conhecida como a capital dos bares, Belo Horizonte tem uma cena noturna agitada, principalmente nas regi\u00f5es da Savassi e Lourdes. Na d\u00e9cada de 40, um grande complexo arquitet\u00f4nico idealizado por Juscelino Kubitschek e projetado por Oscar Niemeyer. No entorno da Lagoa da Pampulha, as obras do arquiteto interagem com jardins de Burle Marx e pinturas &hellip; <a href=\"https:\/\/belohorizonte.wordcamp.org\/2015\/sobre\/conheca-belo-horizonte\/\" class=\"more-link\">Continue lendo <span class=\"screen-reader-text\">Conhe\u00e7a Belo Horizonte<\/span> <span class=\"meta-nav\">&rarr;<\/span><\/a><\/p>\n","protected":false},"author":8185969,"featured_media":525,"parent":517,"menu_order":0,"comment_status":"open","ping_status":"open","template":"","meta":{"jetpack_post_was_ever_published":false,"footnotes":""},"class_list":["post-524","page","type-page","status-publish","has-post-thumbnail","hentry"],"jetpack_shortlink":"https:\/\/wp.me\/P51o6h-8s","jetpack_sharing_enabled":true,"jetpack_likes_enabled":false,"jetpack-related-posts":[],"_links":{"self":[{"href":"https:\/\/belohorizonte.wordcamp.org\/2015\/wp-json\/wp\/v2\/pages\/524","targetHints":{"allow":["GET"]}}],"collection":[{"href":"https:\/\/belohorizonte.wordcamp.org\/2015\/wp-json\/wp\/v2\/pages"}],"about":[{"href":"https:\/\/belohorizonte.wordcamp.org\/2015\/wp-json\/wp\/v2\/types\/page"}],"author":[{"embeddable":true,"href":"https:\/\/belohorizonte.wordcamp.org\/2015\/wp-json\/wp\/v2\/users\/8185969"}],"replies":[{"embeddable":true,"href":"https:\/\/belohorizonte.wordcamp.org\/2015\/wp-json\/wp\/v2\/comments?post=524"}],"version-history":[{"count":1,"href":"https:\/\/belohorizonte.wordcamp.org\/2015\/wp-json\/wp\/v2\/pages\/524\/revisions"}],"predecessor-version":[{"id":526,"href":"https:\/\/belohorizonte.wordcamp.org\/2015\/wp-json\/wp\/v2\/pages\/524\/revisions\/526"}],"up":[{"embeddable":true,"href":"https:\/\/belohorizonte.wordcamp.org\/2015\/wp-json\/wp\/v2\/pages\/517"}],"wp:featuredmedia":[{"embeddable":true,"href":"https:\/\/belohorizonte.wordcamp.org\/2015\/wp-json\/wp\/v2\/media\/525"}],"wp:attachment":[{"href":"https:\/\/belohorizonte.wordcamp.org\/2015\/wp-json\/wp\/v2\/media?parent=524"}],"curies":[{"name":"wp","href":"https:\/\/api.w.org\/{rel}","templated":true}]}}