{"id":9,"date":"2014-09-05T16:33:56","date_gmt":"2014-09-05T16:33:56","guid":{"rendered":"https:\/\/2015.belohorizonte.wordcamp.org)\/location\/"},"modified":"2015-03-27T22:31:39","modified_gmt":"2015-03-28T01:31:39","slug":"local","status":"publish","type":"page","link":"https:\/\/belohorizonte.wordcamp.org\/2015\/local\/","title":{"rendered":"Local"},"content":{"rendered":"<p>O WordCamp Belo Horizonte 2015, acontecer\u00e1 no campus Lagoinha da UniBH, no Teatro Ney Soares.<\/p>\n<p>&nbsp;<\/p>\n<p class=\"jetpack-slideshow-noscript robots-nocontent\">Este slideshow necessita de JavaScript.<\/p><div id=\"gallery-9-1-slideshow\" class=\"jetpack-slideshow-window jetpack-slideshow jetpack-slideshow-black\" data-trans=\"fade\" data-autostart=\"1\" data-gallery=\"[{&quot;src&quot;:&quot;https:\\\/\\\/i0.wp.com\\\/belohorizonte.wordcamp.org\\\/2015\\\/files\\\/2014\\\/09\\\/rsz__dsc0183.jpg?fit=300%2C142\\u0026ssl=1&quot;,&quot;id&quot;:&quot;1272&quot;,&quot;title&quot;:&quot;rsz__dsc0183&quot;,&quot;alt&quot;:&quot;&quot;,&quot;caption&quot;:&quot;&quot;,&quot;itemprop&quot;:&quot;image&quot;},{&quot;src&quot;:&quot;https:\\\/\\\/i0.wp.com\\\/belohorizonte.wordcamp.org\\\/2015\\\/files\\\/2014\\\/09\\\/rsz__dsc0174.jpg?fit=300%2C175\\u0026ssl=1&quot;,&quot;id&quot;:&quot;1273&quot;,&quot;title&quot;:&quot;rsz__dsc0174&quot;,&quot;alt&quot;:&quot;&quot;,&quot;caption&quot;:&quot;&quot;,&quot;itemprop&quot;:&quot;image&quot;}]\" itemscope itemtype=\"https:\/\/schema.org\/ImageGallery\"><\/div>\n<p>&nbsp;<\/p>\n<p>O Teatro Ney Soares \u00e9 hoje um dos maiores e melhores Teatros para eventos de TI do Brasil. S\u00e3o mais de 600 lugares, com cadeiras confort\u00e1veis, bra\u00e7os para notebooks, tel\u00e3o\u00a0de 10&#215;3 metros, 5 camarins e uma grande \u00e1rea pra caf\u00e9 e stands.<\/p>\n<p><strong>UniBH &#8211; Ant\u00f4nio Carlos<\/strong><br \/>\nRua Diamantina, 567<br \/>\nLagoinha<br \/>\nBelo Horizonte \u00a0&#8211; MG<\/p>\n<div class=\"googlemaps\">\n\t\t\t\t<iframe loading=\"lazy\" width=\"800\" height=\"300\" frameborder=\"0\" scrolling=\"no\" marginheight=\"0\" marginwidth=\"0\"  src=\"https:\/\/www.google.com\/maps\/embed?pb=!1m14!1m8!1m3!1d7502.826586091356!2d-43.944095701043224!3d-19.90698131976806!3m2!1i1024!2i768!4f13.1!3m3!1m2!1s0xa69a005f2db447:0x4bbef409b5671d1e!2sR.%20Diamantina,%20567%20-%20Lagoinha,%20Belo%20Horizonte%20-%20MG,%2031110-320,%20Brasil!5e0!3m2!1spt-BR!2sus!4v1425573010611\"><\/iframe>\n\t\t\t<\/div>\n<p>&nbsp;<\/p>\n","protected":false},"excerpt":{"rendered":"<p>O WordCamp Belo Horizonte 2015, acontecer\u00e1 no campus Lagoinha da UniBH, no Teatro Ney Soares. &nbsp; &nbsp; O Teatro Ney Soares \u00e9 hoje um dos maiores e melhores Teatros para eventos de TI do Brasil. S\u00e3o mais de 600 lugares, com cadeiras confort\u00e1veis, bra\u00e7os para notebooks, tel\u00e3o\u00a0de 10&#215;3 metros, 5 camarins e uma grande \u00e1rea &hellip; <a href=\"https:\/\/belohorizonte.wordcamp.org\/2015\/local\/\" class=\"more-link\">Continue lendo <span class=\"screen-reader-text\">Local<\/span> <span class=\"meta-nav\">&rarr;<\/span><\/a><\/p>\n","protected":false},"author":8185969,"featured_media":1272,"parent":0,"menu_order":0,"comment_status":"open","ping_status":"open","template":"","meta":{"jetpack_post_was_ever_published":false,"footnotes":""},"class_list":["post-9","page","type-page","status-publish","has-post-thumbnail","hentry"],"jetpack_shortlink":"https:\/\/wp.me\/P51o6h-9","jetpack_sharing_enabled":true,"jetpack_likes_enabled":false,"jetpack-related-posts":[],"_links":{"self":[{"href":"https:\/\/belohorizonte.wordcamp.org\/2015\/wp-json\/wp\/v2\/pages\/9","targetHints":{"allow":["GET"]}}],"collection":[{"href":"https:\/\/belohorizonte.wordcamp.org\/2015\/wp-json\/wp\/v2\/pages"}],"about":[{"href":"https:\/\/belohorizonte.wordcamp.org\/2015\/wp-json\/wp\/v2\/types\/page"}],"author":[{"embeddable":true,"href":"https:\/\/belohorizonte.wordcamp.org\/2015\/wp-json\/wp\/v2\/users\/8185969"}],"replies":[{"embeddable":true,"href":"https:\/\/belohorizonte.wordcamp.org\/2015\/wp-json\/wp\/v2\/comments?post=9"}],"version-history":[{"count":8,"href":"https:\/\/belohorizonte.wordcamp.org\/2015\/wp-json\/wp\/v2\/pages\/9\/revisions"}],"predecessor-version":[{"id":1275,"href":"https:\/\/belohorizonte.wordcamp.org\/2015\/wp-json\/wp\/v2\/pages\/9\/revisions\/1275"}],"wp:featuredmedia":[{"embeddable":true,"href":"https:\/\/belohorizonte.wordcamp.org\/2015\/wp-json\/wp\/v2\/media\/1272"}],"wp:attachment":[{"href":"https:\/\/belohorizonte.wordcamp.org\/2015\/wp-json\/wp\/v2\/media?parent=9"}],"curies":[{"name":"wp","href":"https:\/\/api.w.org\/{rel}","templated":true}]}}