{"id":25,"date":"2016-05-18T16:28:16","date_gmt":"2016-05-18T19:28:16","guid":{"rendered":"http:\/\/2016.belohorizonte.wordcamp.org\/?page_id=25"},"modified":"2016-07-01T18:10:11","modified_gmt":"2016-07-01T21:10:11","slug":"organizadores","status":"publish","type":"page","link":"https:\/\/belohorizonte.wordcamp.org\/2016\/organizadores\/","title":{"rendered":"Organizadores"},"content":{"rendered":"\t<div class=\"wcorg-organizers\">\n\n\t\t\n\t\t\t<div class=\"wcorg-organizer\">\n\t\t\t\t<h2>Ana Paula Viana<\/h2>\n\t\t\t\t<div class=\"wcorg-organizer-description\">\n\t\t\t\t\t\t\t\t\t\t<img alt='' src='https:\/\/secure.gravatar.com\/avatar\/68109dd9839f3979262193f6a85b0e92c5f914e7abbf2b247eb4a28406a49832?s=100&#038;d=mm&#038;r=g' srcset='https:\/\/secure.gravatar.com\/avatar\/68109dd9839f3979262193f6a85b0e92c5f914e7abbf2b247eb4a28406a49832?s=200&#038;d=mm&#038;r=g 2x' class='avatar avatar-100 photo' height='100' width='100' \/>\t\t\t\t\t<p>Publicit\u00e1ria mineira e entusiasta do WordPress. Ana Paula Viana est\u00e1 h\u00e1 mais de 6 anos no Marketing Digital, trabalhando e aprendendo a cada dia uma coisa nova. \u00c9 uma apaixonada por cultura digital, fotografia e desafios. E al\u00e9m de tudo isso, tamb\u00e9m \u00e9 sobrevivente do apocalipse zumbi nas horas vagas. \ud83d\ude42<\/p>\n\t\t\t\t<\/div>\n\t\t\t<\/div>\n\n\t\t\n\t\t\t<div class=\"wcorg-organizer\">\n\t\t\t\t<h2>Andr\u00e9 Villela<\/h2>\n\t\t\t\t<div class=\"wcorg-organizer-description\">\n\t\t\t\t\t\t\t\t\t\t<img alt='' src='https:\/\/secure.gravatar.com\/avatar\/a9113fea0b656a7d16b1c200c7731a19cbc03850c580c407db3210661d30c1c7?s=100&#038;d=mm&#038;r=g' srcset='https:\/\/secure.gravatar.com\/avatar\/a9113fea0b656a7d16b1c200c7731a19cbc03850c580c407db3210661d30c1c7?s=200&#038;d=mm&#038;r=g 2x' class='avatar avatar-100 photo' height='100' width='100' \/>\t\t\t\t\t<p>Andr\u00e9 Villela \u00e9 Publicit\u00e1rio, Designer e Desenvolvedor Web, fot\u00f3grafo amador, tradutor e entusiasta da plataforma WordPress desde 2010, gosta de novas tecnologias e da cultura open source. Presente em v\u00e1rios WordCamps pelo Brasil, pela primeira vez atua na organiza\u00e7\u00e3o desse evento em BH.<\/p>\n\t\t\t\t<\/div>\n\t\t\t<\/div>\n\n\t\t\n\t\t\t<div class=\"wcorg-organizer\">\n\t\t\t\t<h2>Bruce Emmanuel Sueira<\/h2>\n\t\t\t\t<div class=\"wcorg-organizer-description\">\n\t\t\t\t\t\t\t\t\t\t<img alt='' src='https:\/\/secure.gravatar.com\/avatar\/79ce4e44c17685d0bec1e031f5a6044deb950a1eea16ae766ee3b76d27d3ae28?s=100&#038;d=mm&#038;r=g' srcset='https:\/\/secure.gravatar.com\/avatar\/79ce4e44c17685d0bec1e031f5a6044deb950a1eea16ae766ee3b76d27d3ae28?s=200&#038;d=mm&#038;r=g 2x' class='avatar avatar-100 photo' height='100' width='100' \/>\t\t\t\t\t<p>Desenvolvedor web, DBA e administrador de sistemas Linux. \u00c9 um eterno estudante de linguagens de back, front e tecnologias open source. Trabalha com TI no Corpo de Bombeiros de Minas Gerais desde 2007 e como consultor em diversas empresas no Brasil e duas nos EUA.<\/p>\n\t\t\t\t<\/div>\n\t\t\t<\/div>\n\n\t\t\n\t\t\t<div class=\"wcorg-organizer\">\n\t\t\t\t<h2>Davi Alves<\/h2>\n\t\t\t\t<div class=\"wcorg-organizer-description\">\n\t\t\t\t\t\t\t\t\t\t<img alt='' src='https:\/\/secure.gravatar.com\/avatar\/79b272fd428ea048dac569c5b55f7ed289f581cda056f5c5d53b107891b04a14?s=100&#038;d=mm&#038;r=g' srcset='https:\/\/secure.gravatar.com\/avatar\/79b272fd428ea048dac569c5b55f7ed289f581cda056f5c5d53b107891b04a14?s=200&#038;d=mm&#038;r=g 2x' class='avatar avatar-100 photo' height='100' width='100' \/>\t\t\t\t\t<p>\u00c9 desenvolvedor web desde 2009, graduado em sistemas para internet, residente de Belo Horizonte, \u00e9 palestrante, Youtuber, articulista em alguns blogs, e criador do <a href=\"http:\/\/daviwp.com\/\" target=\"_blank\" rel=\"nofollow\">daviwp.com<\/a> e do canal no YouTube daviwp.<br \/>\nTrabalha com suporte web na Quartel Design e programador da WPengine, empresa de host em Austin, Texas, Estados Unidos.<\/p>\n\t\t\t\t<\/div>\n\t\t\t<\/div>\n\n\t\t\n\t\t\t<div class=\"wcorg-organizer\">\n\t\t\t\t<h2>Diego Lee<\/h2>\n\t\t\t\t<div class=\"wcorg-organizer-description\">\n\t\t\t\t\t\t\t\t\t\t<img alt='' src='https:\/\/secure.gravatar.com\/avatar\/9fc155efaae773e6fd2e9976e0a75c4ab65fed04a8fcd8c8a75b1aa47f1d8178?s=100&#038;d=mm&#038;r=g' srcset='https:\/\/secure.gravatar.com\/avatar\/9fc155efaae773e6fd2e9976e0a75c4ab65fed04a8fcd8c8a75b1aa47f1d8178?s=200&#038;d=mm&#038;r=g 2x' class='avatar avatar-100 photo' height='100' width='100' \/>\t\t\t\t\t<p>Diego Lee \u00e9 formado em administra\u00e7\u00e3o de empresas, especialista Google AdWords, CEO na Am\u00e9m Comunica\u00e7\u00e3o, possui v\u00e1rios cursos na \u00e1rea de m\u00eddias digitais, j\u00e1 realizou e realiza projetos com WordPress. Desde de 2013 dedica-se suas horas como volunt\u00e1rio no Belo Horizonte WordPress Group e \u00e9 um dos organizadores do WordCamp BH.<\/p>\n\t\t\t\t<\/div>\n\t\t\t<\/div>\n\n\t\t\n\t\t\t<div class=\"wcorg-organizer\">\n\t\t\t\t<h2>Douglas Faria<\/h2>\n\t\t\t\t<div class=\"wcorg-organizer-description\">\n\t\t\t\t\t\t\t\t\t\t<img alt='' src='https:\/\/secure.gravatar.com\/avatar\/fe1e6f2d9ac956382eba34c5ed22de014622c3d9b1ff697be858bf296072a25b?s=100&#038;d=mm&#038;r=g' srcset='https:\/\/secure.gravatar.com\/avatar\/fe1e6f2d9ac956382eba34c5ed22de014622c3d9b1ff697be858bf296072a25b?s=200&#038;d=mm&#038;r=g 2x' class='avatar avatar-100 photo' height='100' width='100' \/>\t\t\t\t\t<p>Douglas Faria \u00e9 fundador e CEO da Ag\u00eancia Assoweb, formado em Sistemas para Internet, atua \u00e9 especialista em Marketing Digital, Estrat\u00e9gia e Search. Tamb\u00e9m \u00e9 desenvolvedor WP e Designer, amante de UX. Acredita no Design como agente de mudan\u00e7a. Atua ativamente na comunidade WordPress desde 2014 e trabalha com WP h\u00e1 6 anos. \u00c9 empreendedor apaixonado por empreendedorismo, m\u00fasico e ama sua fam\u00edlia.<\/p>\n\t\t\t\t<\/div>\n\t\t\t<\/div>\n\n\t\t\n\t\t\t<div class=\"wcorg-organizer\">\n\t\t\t\t<h2>L\u00e9o Velozo<\/h2>\n\t\t\t\t<div class=\"wcorg-organizer-description\">\n\t\t\t\t\t\t\t\t\t\t<img alt='' src='https:\/\/secure.gravatar.com\/avatar\/0564e70f0a92f12d04d8eedf12c9c84dbd3b79fcecd57015aa790ac626dd9e05?s=100&#038;d=mm&#038;r=g' srcset='https:\/\/secure.gravatar.com\/avatar\/0564e70f0a92f12d04d8eedf12c9c84dbd3b79fcecd57015aa790ac626dd9e05?s=200&#038;d=mm&#038;r=g 2x' class='avatar avatar-100 photo' height='100' width='100' \/>\t\t\t\t\t<p>Um amante de usabilidade, acessibilidade e intera\u00e7\u00e3o, formei-me em Computa\u00e7\u00e3o Gr\u00e1fica na SAGA School of Arts e graduo Design na UniBH. Com 5\u00a0anos de experi\u00eancia no mercado web, j\u00e1 atuei como Front-end Enginner na Quartel Design e hoje sou Interaction Designer na Voel.<\/p>\n\t\t\t\t<\/div>\n\t\t\t<\/div>\n\n\t\t\n\t\t\t<div class=\"wcorg-organizer\">\n\t\t\t\t<h2>Leonardo Passos<\/h2>\n\t\t\t\t<div class=\"wcorg-organizer-description\">\n\t\t\t\t\t\t\t\t\t\t<img alt='' src='https:\/\/secure.gravatar.com\/avatar\/ff3008ce8cef6e3d709eae7c5240a05208622451b019f00fb947875e16447be8?s=100&#038;d=mm&#038;r=g' srcset='https:\/\/secure.gravatar.com\/avatar\/ff3008ce8cef6e3d709eae7c5240a05208622451b019f00fb947875e16447be8?s=200&#038;d=mm&#038;r=g 2x' class='avatar avatar-100 photo' height='100' width='100' \/>\t\t\t\t\t<p>Forjado pela dif\u00edcil escola de marketing e propaganda, esse publicit\u00e1rio a frente da empresa Afirma Comunica\u00e7\u00e3o, Marketing e Web n\u00e3o mede esfor\u00e7os para entregar o que h\u00e1 de mais avan\u00e7ado em marketing e marketing digital no mundo.<\/p>\n\t\t\t\t<\/div>\n\t\t\t<\/div>\n\n\t\t\n\t\t\t<div class=\"wcorg-organizer\">\n\t\t\t\t<h2>Marcelo Gusm\u00e3o<\/h2>\n\t\t\t\t<div class=\"wcorg-organizer-description\">\n\t\t\t\t\t\t\t\t\t\t<img alt='' src='https:\/\/secure.gravatar.com\/avatar\/0d654dde3983bcebf1a9d20c06abeabb95510433bd96f1e178529bebee3316f6?s=100&#038;d=mm&#038;r=g' srcset='https:\/\/secure.gravatar.com\/avatar\/0d654dde3983bcebf1a9d20c06abeabb95510433bd96f1e178529bebee3316f6?s=200&#038;d=mm&#038;r=g 2x' class='avatar avatar-100 photo' height='100' width='100' \/>\t\t\t\t\t<p>Marcelo Villela Gusm\u00e3o \u00e9 jornalista por forma\u00e7\u00e3o e desenvolvedor por insist\u00eancia. Descobriu o WordPress em 2012 e este ano resolveu dar sua parcela de contribui\u00e7\u00e3o ajudando a organizar seu primeiro WordCamp.<\/p>\n\t\t\t\t<\/div>\n\t\t\t<\/div>\n\n\t\t\n\t\t\t<div class=\"wcorg-organizer\">\n\t\t\t\t<h2>Marlon Am\u00e2ncio<\/h2>\n\t\t\t\t<div class=\"wcorg-organizer-description\">\n\t\t\t\t\t\t\t\t\t\t<img alt='' src='https:\/\/secure.gravatar.com\/avatar\/9aaf6df7d6ae28420a1409040962093f7638700f5d7e66117d55d585f724f529?s=100&#038;d=mm&#038;r=g' srcset='https:\/\/secure.gravatar.com\/avatar\/9aaf6df7d6ae28420a1409040962093f7638700f5d7e66117d55d585f724f529?s=200&#038;d=mm&#038;r=g 2x' class='avatar avatar-100 photo' height='100' width='100' \/>\t\t\t\t\t<p>Bibliotec\u00e1rio por forma\u00e7\u00e3o, Web Designer por emo\u00e7\u00e3o! Atuando na \u00e1rea desde 2010 decidi me especializar em WordPress e tive oportunidade em trabalhar em grandes projetos. Gosto de ensinar e compartilhar, sempre que posso falo sobre WordPress e ajudo no f\u00f3rum oficial.<\/p>\n\t\t\t\t<\/div>\n\t\t\t<\/div>\n\n\t\t\n\t\t\t<div class=\"wcorg-organizer\">\n\t\t\t\t<h2>Mateus Felix<\/h2>\n\t\t\t\t<div class=\"wcorg-organizer-description\">\n\t\t\t\t\t\t\t\t\t\t<img alt='' src='https:\/\/secure.gravatar.com\/avatar\/a827e6a1f5951a2072962a90d03ee8105e53cb40a391c5db419f4b46fafc07f6?s=100&#038;d=mm&#038;r=g' srcset='https:\/\/secure.gravatar.com\/avatar\/a827e6a1f5951a2072962a90d03ee8105e53cb40a391c5db419f4b46fafc07f6?s=200&#038;d=mm&#038;r=g 2x' class='avatar avatar-100 photo' height='100' width='100' \/>\t\t\t\t\t<p>Estudante de Design Gr\u00e1fico , CEO na empresa Felix Design.<br \/>\nApaixonado por criar Identidade visual, motion graphic.<br \/>\nCriativo inovador , ama fazer a diferen\u00e7a.<br \/>\nAtuou como Design Gr\u00e1fico nas empresas Via Card, Studio Tr\u00eas, Redzero e Am\u00e9m Comunica\u00e7\u00e3o. Atualmente atua como Diretor de cria\u00e7\u00e3o na empresa Felix Design.<\/p>\n\t\t\t\t<\/div>\n\t\t\t<\/div>\n\n\t\t\n\t\t\t<div class=\"wcorg-organizer\">\n\t\t\t\t<h2>Rodrigo Brito<\/h2>\n\t\t\t\t<div class=\"wcorg-organizer-description\">\n\t\t\t\t\t\t\t\t\t\t<img alt='' src='https:\/\/secure.gravatar.com\/avatar\/28da38ad99433acb1e0acddc05f7e4060cccbdf320e63e00c3bc67bc02fc93de?s=100&#038;d=mm&#038;r=g' srcset='https:\/\/secure.gravatar.com\/avatar\/28da38ad99433acb1e0acddc05f7e4060cccbdf320e63e00c3bc67bc02fc93de?s=200&#038;d=mm&#038;r=g 2x' class='avatar avatar-100 photo' height='100' width='100' \/>\t\t\t\t\t<p>Rodrigo Brito \u00e9 estudante de Sistemas de Informa\u00e7\u00e3o do IFMG, atua nas \u00e1reas de desenvolvimento web como programador Full Stack. Entusiasta de projetos open source e um grande amante de tecnologia. Desenvolvedor WordPress desde 2011, quando descobriu e se apaixonou por esta majestosa plataforma.<\/p>\n\t\t\t\t<\/div>\n\t\t\t<\/div>\n\n\t\t\n\t\t\t<div class=\"wcorg-organizer\">\n\t\t\t\t<h2>Val\u00e9rio Souza<\/h2>\n\t\t\t\t<div class=\"wcorg-organizer-description\">\n\t\t\t\t\t\t\t\t\t\t<img alt='' src='https:\/\/secure.gravatar.com\/avatar\/47cd7962239f71e643b9b00f5eae21c1a4a33793fe2206946dbbabdc34ee93d7?s=100&#038;d=mm&#038;r=g' srcset='https:\/\/secure.gravatar.com\/avatar\/47cd7962239f71e643b9b00f5eae21c1a4a33793fe2206946dbbabdc34ee93d7?s=200&#038;d=mm&#038;r=g 2x' class='avatar avatar-100 photo' height='100' width='100' \/>\t\t\t\t\t<p>\u00c9 Especialista WordPress desde 2008 e trabalha com WEB desde 1998, \u00e9 Articulista de diversos sites sobre WordPress, estudou Publicidade e Propaganda e ap\u00f3s alguns anos Marketing. Participa do desenvolvimento da tradu\u00e7\u00e3o do WordPress e criador de v\u00e1rios plugins. Entusiasta e Evangelista da plataforma, membro da comunidade Brasileira, um dos criadores do Belo Horizonte WordPress Group e co-organizador do WordCamp BH.<\/p>\n\t\t\t\t<\/div>\n\t\t\t<\/div>\n\n\t\t\n\t<\/div><!-- .wcorg-organizers -->\n\t\n","protected":false},"excerpt":{"rendered":"","protected":false},"author":8185969,"featured_media":0,"parent":0,"menu_order":0,"comment_status":"closed","ping_status":"closed","template":"page-templates\/full-width.php","meta":{"jetpack_post_was_ever_published":false,"footnotes":""},"class_list":["post-25","page","type-page","status-publish","hentry"],"jetpack_sharing_enabled":true,"jetpack_shortlink":"https:\/\/wp.me\/P7v89d-p","_links":{"self":[{"href":"https:\/\/belohorizonte.wordcamp.org\/2016\/wp-json\/wp\/v2\/pages\/25","targetHints":{"allow":["GET"]}}],"collection":[{"href":"https:\/\/belohorizonte.wordcamp.org\/2016\/wp-json\/wp\/v2\/pages"}],"about":[{"href":"https:\/\/belohorizonte.wordcamp.org\/2016\/wp-json\/wp\/v2\/types\/page"}],"author":[{"embeddable":true,"href":"https:\/\/belohorizonte.wordcamp.org\/2016\/wp-json\/wp\/v2\/users\/8185969"}],"replies":[{"embeddable":true,"href":"https:\/\/belohorizonte.wordcamp.org\/2016\/wp-json\/wp\/v2\/comments?post=25"}],"version-history":[{"count":8,"href":"https:\/\/belohorizonte.wordcamp.org\/2016\/wp-json\/wp\/v2\/pages\/25\/revisions"}],"predecessor-version":[{"id":672,"href":"https:\/\/belohorizonte.wordcamp.org\/2016\/wp-json\/wp\/v2\/pages\/25\/revisions\/672"}],"wp:attachment":[{"href":"https:\/\/belohorizonte.wordcamp.org\/2016\/wp-json\/wp\/v2\/media?parent=25"}],"curies":[{"name":"wp","href":"https:\/\/api.w.org\/{rel}","templated":true}]}}