{"id":27,"date":"2016-05-18T16:28:35","date_gmt":"2016-05-18T19:28:35","guid":{"rendered":"http:\/\/2016.belohorizonte.wordcamp.org\/?page_id=27"},"modified":"2016-05-23T22:35:53","modified_gmt":"2016-05-24T01:35:53","slug":"palestrantes","status":"publish","type":"page","link":"https:\/\/belohorizonte.wordcamp.org\/2016\/palestrantes\/","title":{"rendered":"Palestrantes"},"content":{"rendered":"\n\t<div class=\"wcorg-speakers\">\n\n\t\t\n\t\t\t<!-- Organizers note: The id attribute is deprecated and only remains for backwards compatibility, please use the corresponding class to target individual speakers -->\n\t\t\t<div id=\"wcorg-speaker-allyson-souza\" class=\"wcorg-speaker wcorg-speaker-allyson-souza wcorg-track-auditorio\">\n\t\t\t\t<h2>\n\t\t\t\t\t\n\t\t\t\t\t\tAllyson Souza\n\t\t\t\t\t\t\t\t\t<\/h2>\n\n\t\t\t\t<div class=\"wcorg-speaker-description\">\n\t\t\t\t\t<img alt='' src='https:\/\/secure.gravatar.com\/avatar\/2390e8368b3a4667c5213a889fb4cc40ce5a3d5c6080aeb6e7cdbbe41ca5ffdb?s=100&#038;d=mm&#038;r=g' srcset='https:\/\/secure.gravatar.com\/avatar\/2390e8368b3a4667c5213a889fb4cc40ce5a3d5c6080aeb6e7cdbbe41ca5ffdb?s=200&#038;d=mm&#038;r=g 2x' class='avatar avatar-100 photo' height='100' width='100' \/>\t\t\t\t\t<p>Graduado em Jogos Digitais pela FATEC de S\u00e3o Caetano do Sul &#8211; SP, \u00e9 Designer e Programador, um dos fundadores do est\u00fadio Haste, onde desenvolve projetos diversos de design e web. Desenvolve com WordPress h\u00e1 cerca de 3 anos. Organizador de meetups e do WordCamp da comunidade de S\u00e3o Paulo.<\/p>\n\t\t\t\t<\/div>\n\t\t\t<\/div>\n\n\t\t\n\t\t\t<!-- Organizers note: The id attribute is deprecated and only remains for backwards compatibility, please use the corresponding class to target individual speakers -->\n\t\t\t<div id=\"wcorg-speaker-anyssa-ferreira\" class=\"wcorg-speaker wcorg-speaker-anyssa-ferreira wcorg-track-auditorio\">\n\t\t\t\t<h2>\n\t\t\t\t\t\n\t\t\t\t\t\tAnyssa Ferreira\n\t\t\t\t\t\t\t\t\t<\/h2>\n\n\t\t\t\t<div class=\"wcorg-speaker-description\">\n\t\t\t\t\t<img alt='' src='https:\/\/secure.gravatar.com\/avatar\/0573510d175294341600e89804cfffee22182b56994ec196bdac3aaf76ee4c53?s=100&#038;d=mm&#038;r=g' srcset='https:\/\/secure.gravatar.com\/avatar\/0573510d175294341600e89804cfffee22182b56994ec196bdac3aaf76ee4c53?s=200&#038;d=mm&#038;r=g 2x' class='avatar avatar-100 photo' height='100' width='100' \/>\t\t\t\t\t<p>Designer gr\u00e1fica e desenvolvedora web h\u00e1 10 anos, \u00e9 fundadora do est\u00fadio Haste. Organizadora dos meetups e WordCamps em S\u00e3o Paulo. Em 2015 foi a primeira ganhadora da Kim Parsell Scholarship da Funda\u00e7\u00e3o WordPress, pela contribui\u00e7\u00e3o com a causa da inclus\u00e3o das mulheres na tecnologia.<\/p>\n\t\t\t\t<\/div>\n\t\t\t<\/div>\n\n\t\t\n\t\t\t<!-- Organizers note: The id attribute is deprecated and only remains for backwards compatibility, please use the corresponding class to target individual speakers -->\n\t\t\t<div id=\"wcorg-speaker-daniel-coscarelli\" class=\"wcorg-speaker wcorg-speaker-daniel-coscarelli wcorg-track-auditorio\">\n\t\t\t\t<h2>\n\t\t\t\t\t\n\t\t\t\t\t\tDaniel Coscarelli\n\t\t\t\t\t\t\t\t\t<\/h2>\n\n\t\t\t\t<div class=\"wcorg-speaker-description\">\n\t\t\t\t\t<img alt='' src='https:\/\/secure.gravatar.com\/avatar\/6ddeddc7a4cd531ec07b875b64bc96fe4e4392c98556f11e2c0ccb66dbeb87d6?s=100&#038;d=mm&#038;r=g' srcset='https:\/\/secure.gravatar.com\/avatar\/6ddeddc7a4cd531ec07b875b64bc96fe4e4392c98556f11e2c0ccb66dbeb87d6?s=200&#038;d=mm&#038;r=g 2x' class='avatar avatar-100 photo' height='100' width='100' \/>\t\t\t\t\t<p>Daniel Coscarelli \u00e9 um profissional da \u00e1rea de UX Design &amp; Research. Com mais de 10 anos de experi\u00eancia em cria\u00e7\u00e3o de produtos Web e Mobile, aplica conceitos, ferramentas, t\u00e9cnicas e processos de UCD e HCI. Possui pensamento sist\u00eamico para lidar com sistemas complexos, projetando solu\u00e7\u00f5es simples, al\u00e9m de ter forte senso de qualidade e aten\u00e7\u00e3o aos detalhes.<\/p>\n\t\t\t\t<\/div>\n\t\t\t<\/div>\n\n\t\t\n\t\t\t<!-- Organizers note: The id attribute is deprecated and only remains for backwards compatibility, please use the corresponding class to target individual speakers -->\n\t\t\t<div id=\"wcorg-speaker-daniel-kossmann-ferraz\" class=\"wcorg-speaker wcorg-speaker-daniel-kossmann-ferraz wcorg-track-auditorio\">\n\t\t\t\t<h2>\n\t\t\t\t\t\n\t\t\t\t\t\tDaniel Kossmann Ferraz\n\t\t\t\t\t\t\t\t\t<\/h2>\n\n\t\t\t\t<div class=\"wcorg-speaker-description\">\n\t\t\t\t\t<img alt='' src='https:\/\/secure.gravatar.com\/avatar\/96e61ebe8bebe42643f8f25f224dd35f4cd3adb0e76ce9119384d574184029f5?s=100&#038;d=mm&#038;r=g' srcset='https:\/\/secure.gravatar.com\/avatar\/96e61ebe8bebe42643f8f25f224dd35f4cd3adb0e76ce9119384d574184029f5?s=200&#038;d=mm&#038;r=g 2x' class='avatar avatar-100 photo' height='100' width='100' \/>\t\t\t\t\t<p>Formado em Ci\u00eancia da Computa\u00e7\u00e3o pela UFPR, \u00e9 apaixonado por software livre e trabalha a mais de 5 anos desenvolvendo solu\u00e7\u00f5es com o WordPress. \u00c9 um dos organizadores da Comunidade de WordPress de Curitiba e tamb\u00e9m participou na organiza\u00e7\u00e3o do WordCamp Curitiba 2012.<\/p>\n\t\t\t\t<\/div>\n\t\t\t<\/div>\n\n\t\t\n\t\t\t<!-- Organizers note: The id attribute is deprecated and only remains for backwards compatibility, please use the corresponding class to target individual speakers -->\n\t\t\t<div id=\"wcorg-speaker-daviwp\" class=\"wcorg-speaker wcorg-speaker-daviwp wcorg-track-auditorio\">\n\t\t\t\t<h2>\n\t\t\t\t\t\n\t\t\t\t\t\tDaviwp\n\t\t\t\t\t\t\t\t\t<\/h2>\n\n\t\t\t\t<div class=\"wcorg-speaker-description\">\n\t\t\t\t\t<img alt='' src='https:\/\/secure.gravatar.com\/avatar\/dd2630400d9e1cea727fd38cc392797a24180dbf4f0aca0240889ff39bdd8006?s=100&#038;d=mm&#038;r=g' srcset='https:\/\/secure.gravatar.com\/avatar\/dd2630400d9e1cea727fd38cc392797a24180dbf4f0aca0240889ff39bdd8006?s=200&#038;d=mm&#038;r=g 2x' class='avatar avatar-100 photo' height='100' width='100' \/>\t\t\t\t\t<p>\u00c9 desenvolvedor web desde 2009, graduado em sistemas para internet, residente de Belo Horizonte, \u00e9 palestrante, Youtuber, articulista em alguns blogs, e criador do <a href=\"http:\/\/daviwp.com\/\" target=\"_blank\" rel=\"nofollow\">daviwp.com<\/a> e do canal no YouTube daviwp.<br \/>\nTrabalha com suporte web na Quartel Design e programador da WPengine, empresa de host em Austin, Texas, Estados Unidos.<\/p>\n\t\t\t\t<\/div>\n\t\t\t<\/div>\n\n\t\t\n\t\t\t<!-- Organizers note: The id attribute is deprecated and only remains for backwards compatibility, please use the corresponding class to target individual speakers -->\n\t\t\t<div id=\"wcorg-speaker-gabriela-leroy-oliveira\" class=\"wcorg-speaker wcorg-speaker-gabriela-leroy-oliveira wcorg-track-sala-125\">\n\t\t\t\t<h2>\n\t\t\t\t\t\n\t\t\t\t\t\tGabriela Leroy Oliveira\n\t\t\t\t\t\t\t\t\t<\/h2>\n\n\t\t\t\t<div class=\"wcorg-speaker-description\">\n\t\t\t\t\t<img alt='' src='https:\/\/secure.gravatar.com\/avatar\/94eb9a8f9cad8059d0049e9bf611a659b17d42262526c2060c863b8bc9138c8c?s=100&#038;d=mm&#038;r=g' srcset='https:\/\/secure.gravatar.com\/avatar\/94eb9a8f9cad8059d0049e9bf611a659b17d42262526c2060c863b8bc9138c8c?s=200&#038;d=mm&#038;r=g 2x' class='avatar avatar-100 photo' height='100' width='100' \/>\t\t\t\t\t<p>Formada em Publicidade e Propaganda, trabalha como especialista em marketing digital, com foco no Inbound Marketing. J\u00e1 passou por empresas como 5Seleto, Ali\u00e1s Comunica\u00e7\u00e3o, Rock Content e Ingage Digital.<\/p>\n\t\t\t\t<\/div>\n\t\t\t<\/div>\n\n\t\t\n\t\t\t<!-- Organizers note: The id attribute is deprecated and only remains for backwards compatibility, please use the corresponding class to target individual speakers -->\n\t\t\t<div id=\"wcorg-speaker-jefferson-camargo\" class=\"wcorg-speaker wcorg-speaker-jefferson-camargo wcorg-track-auditorio\">\n\t\t\t\t<h2>\n\t\t\t\t\t\n\t\t\t\t\t\tJefferson Camargo\n\t\t\t\t\t\t\t\t\t<\/h2>\n\n\t\t\t\t<div class=\"wcorg-speaker-description\">\n\t\t\t\t\t<img alt='' src='https:\/\/secure.gravatar.com\/avatar\/ca77d0c7c5405aa35cbee2ace9ac5d0ae1495b95cfa02bf00df24cb038a20c03?s=100&#038;d=mm&#038;r=g' srcset='https:\/\/secure.gravatar.com\/avatar\/ca77d0c7c5405aa35cbee2ace9ac5d0ae1495b95cfa02bf00df24cb038a20c03?s=200&#038;d=mm&#038;r=g 2x' class='avatar avatar-100 photo' height='100' width='100' \/>\t\t\t\t\t<p>Formado em Artes Visuais pela UNESP,  \u00e9 apaixonado por arte e tecnologia, e atua a mais de 10 anos desenhando interfaces web e mobile para produtos de grandes empresas. Atualmente \u00e9 respons\u00e1vel pelo UI\/UX design da Editora 3.<\/p>\n\t\t\t\t<\/div>\n\t\t\t<\/div>\n\n\t\t\n\t\t\t<!-- Organizers note: The id attribute is deprecated and only remains for backwards compatibility, please use the corresponding class to target individual speakers -->\n\t\t\t<div id=\"wcorg-speaker-junior-grossi\" class=\"wcorg-speaker wcorg-speaker-junior-grossi wcorg-track-sala-125\">\n\t\t\t\t<h2>\n\t\t\t\t\t\n\t\t\t\t\t\tJunior Grossi\n\t\t\t\t\t\t\t\t\t<\/h2>\n\n\t\t\t\t<div class=\"wcorg-speaker-description\">\n\t\t\t\t\t<img alt='' src='https:\/\/secure.gravatar.com\/avatar\/a4b097169833a20d4b601668c4e953f3db72171ff8c7a0ee614b93e6c7b7eb26?s=100&#038;d=mm&#038;r=g' srcset='https:\/\/secure.gravatar.com\/avatar\/a4b097169833a20d4b601668c4e953f3db72171ff8c7a0ee614b93e6c7b7eb26?s=200&#038;d=mm&#038;r=g 2x' class='avatar avatar-100 photo' height='100' width='100' \/>\t\t\t\t\t<p>Desenvolvedor PHP desde 2004. Mestre em Ci\u00eancia da Informa\u00e7\u00e3o pela UFMG, Bacharel em Ci\u00eancia da Computa\u00e7\u00e3o pela PUCMG e MBA pela FGV. Organizador do PHPMG, Zend Certified Engineer desde 2011 e Certified Scrum Master. Criador do Corcel e colecionador de elePHPants.<\/p>\n\t\t\t\t<\/div>\n\t\t\t<\/div>\n\n\t\t\n\t\t\t<!-- Organizers note: The id attribute is deprecated and only remains for backwards compatibility, please use the corresponding class to target individual speakers -->\n\t\t\t<div id=\"wcorg-speaker-keyla-silva\" class=\"wcorg-speaker wcorg-speaker-keyla-silva wcorg-track-sala-125\">\n\t\t\t\t<h2>\n\t\t\t\t\t\n\t\t\t\t\t\tKeyla Silva\n\t\t\t\t\t\t\t\t\t<\/h2>\n\n\t\t\t\t<div class=\"wcorg-speaker-description\">\n\t\t\t\t\t<img alt='' src='https:\/\/secure.gravatar.com\/avatar\/dac7dfec7c3325ddd89aca5eaa3612504cc9eeb003a70c91db5380490f11467c?s=100&#038;d=mm&#038;r=g' srcset='https:\/\/secure.gravatar.com\/avatar\/dac7dfec7c3325ddd89aca5eaa3612504cc9eeb003a70c91db5380490f11467c?s=200&#038;d=mm&#038;r=g 2x' class='avatar avatar-100 photo' height='100' width='100' \/>\t\t\t\t\t<p>Estudante de Ci\u00eancia da Computa\u00e7\u00e3o no Centro Universit\u00e1rio de Belo Horizonte (UniBH) e formada em cursos como T\u00e9cnico em Inform\u00e1tica e Publicidade e Propaganda. Atua h\u00e1 3 anos na \u00e1rea de Quality Assurance (QA), como Analista de Teste na Stefanini IT Solutions, onde atualmente tamb\u00e9m exerce pap\u00e9is de Scrum Master e Analista Funcional. <\/p>\n\t\t\t\t<\/div>\n\t\t\t<\/div>\n\n\t\t\n\t\t\t<!-- Organizers note: The id attribute is deprecated and only remains for backwards compatibility, please use the corresponding class to target individual speakers -->\n\t\t\t<div id=\"wcorg-speaker-leo-baiano\" class=\"wcorg-speaker wcorg-speaker-leo-baiano wcorg-track-auditorio\">\n\t\t\t\t<h2>\n\t\t\t\t\t\n\t\t\t\t\t\tL\u00e9o Baiano\n\t\t\t\t\t\t\t\t\t<\/h2>\n\n\t\t\t\t<div class=\"wcorg-speaker-description\">\n\t\t\t\t\t<img alt='' src='https:\/\/secure.gravatar.com\/avatar\/7b21aae922d322c886765765d74a4181eb71106e6cb2377cd38c13bded206392?s=100&#038;d=mm&#038;r=g' srcset='https:\/\/secure.gravatar.com\/avatar\/7b21aae922d322c886765765d74a4181eb71106e6cb2377cd38c13bded206392?s=200&#038;d=mm&#038;r=g 2x' class='avatar avatar-100 photo' height='100' width='100' \/>\t\t\t\t\t<p>Leo Baiano trabalha com desenvolvimento web h\u00e1 16 anos, come\u00e7ou a trabalhar com WordPress em 2007 e n\u00e3o parou nunca mais, foi amor a primeira vista! Atualmente \u00e9 programador senior na Editora 3 e contribui com a comunidade WP atrav\u00e9s do desenvolvimento de plugins gratuitos, administrando o f\u00f3rum oficial e ajudando pessoas em listas de discuss\u00e3o e grupos do facebook. Nas horas vagas gosta de brincar e conhecer pessoas, quer tc?<\/p>\n\t\t\t\t<\/div>\n\t\t\t<\/div>\n\n\t\t\n\t\t\t<!-- Organizers note: The id attribute is deprecated and only remains for backwards compatibility, please use the corresponding class to target individual speakers -->\n\t\t\t<div id=\"wcorg-speaker-leonardo-passos\" class=\"wcorg-speaker wcorg-speaker-leonardo-passos wcorg-track-sala-125\">\n\t\t\t\t<h2>\n\t\t\t\t\t\n\t\t\t\t\t\tLeonardo Passos\n\t\t\t\t\t\t\t\t\t<\/h2>\n\n\t\t\t\t<div class=\"wcorg-speaker-description\">\n\t\t\t\t\t<img alt='' src='https:\/\/secure.gravatar.com\/avatar\/ff3008ce8cef6e3d709eae7c5240a05208622451b019f00fb947875e16447be8?s=100&#038;d=mm&#038;r=g' srcset='https:\/\/secure.gravatar.com\/avatar\/ff3008ce8cef6e3d709eae7c5240a05208622451b019f00fb947875e16447be8?s=200&#038;d=mm&#038;r=g 2x' class='avatar avatar-100 photo' height='100' width='100' \/>\t\t\t\t\t<p>Forjado pela dif\u00edcil escola de marketing e propaganda, o publicit\u00e1rio Leonardo Passos est\u00e1 a frente da empresa Afirma Comunica\u00e7\u00e3o, Marketing e Web j\u00e1 h\u00e1 mais de 6 anos e n\u00e3o mede esfor\u00e7os para entregar o que h\u00e1 de mais avan\u00e7ado em marketing, marketing digital e empreendedorismo no mundo.<\/p>\n\t\t\t\t<\/div>\n\t\t\t<\/div>\n\n\t\t\n\t\t\t<!-- Organizers note: The id attribute is deprecated and only remains for backwards compatibility, please use the corresponding class to target individual speakers -->\n\t\t\t<div id=\"wcorg-speaker-leonardo-veloso\" class=\"wcorg-speaker wcorg-speaker-leonardo-veloso wcorg-track-sala-125\">\n\t\t\t\t<h2>\n\t\t\t\t\t\n\t\t\t\t\t\tLeonardo Velozo\n\t\t\t\t\t\t\t\t\t<\/h2>\n\n\t\t\t\t<div class=\"wcorg-speaker-description\">\n\t\t\t\t\t<img alt='' src='https:\/\/secure.gravatar.com\/avatar\/0564e70f0a92f12d04d8eedf12c9c84dbd3b79fcecd57015aa790ac626dd9e05?s=100&#038;d=mm&#038;r=g' srcset='https:\/\/secure.gravatar.com\/avatar\/0564e70f0a92f12d04d8eedf12c9c84dbd3b79fcecd57015aa790ac626dd9e05?s=200&#038;d=mm&#038;r=g 2x' class='avatar avatar-100 photo' height='100' width='100' \/>\t\t\t\t\t<p>Um amante de usabilidade, acessibilidade e intera\u00e7\u00e3o, formei-me em Computa\u00e7\u00e3o Gr\u00e1fica na SAGA School of Arts e graduo Design na UniBH. Com 5\u00a0anos de experi\u00eancia no mercado web, j\u00e1 atuei como Front-end Enginner na Quartel Design e hoje sou Interaction Designer na Voel.<\/p>\n\t\t\t\t<\/div>\n\t\t\t<\/div>\n\n\t\t\n\t\t\t<!-- Organizers note: The id attribute is deprecated and only remains for backwards compatibility, please use the corresponding class to target individual speakers -->\n\t\t\t<div id=\"wcorg-speaker-lucas-murta\" class=\"wcorg-speaker wcorg-speaker-lucas-murta wcorg-track-sala-125\">\n\t\t\t\t<h2>\n\t\t\t\t\t\n\t\t\t\t\t\tLucas Murta\n\t\t\t\t\t\t\t\t\t<\/h2>\n\n\t\t\t\t<div class=\"wcorg-speaker-description\">\n\t\t\t\t\t<img alt='' src='https:\/\/secure.gravatar.com\/avatar\/90293ad2307df12b6a826c4bf61f153a97be87b0ca994a6185e2a9b9a7fa382f?s=100&#038;d=mm&#038;r=g' srcset='https:\/\/secure.gravatar.com\/avatar\/90293ad2307df12b6a826c4bf61f153a97be87b0ca994a6185e2a9b9a7fa382f?s=200&#038;d=mm&#038;r=g 2x' class='avatar avatar-100 photo' height='100' width='100' \/>\t\t\t\t\t<p>Usu\u00e1rio, Desenvolvedor, amante e admirador absoluto do WordPress. Front-end assumido e Back-end nas horas vagas (com uma leve ajuda da documenta\u00e7\u00e3o do WordPress \u00e9 claro). Uma descri\u00e7\u00e3o um pouco mais clara, <a href=\"http:\/\/lucasmurta.com.br\/\" target=\"_blank\">lucasmurta.com.br<\/a>.<\/p>\n\t\t\t\t<\/div>\n\t\t\t<\/div>\n\n\t\t\n\t\t\t<!-- Organizers note: The id attribute is deprecated and only remains for backwards compatibility, please use the corresponding class to target individual speakers -->\n\t\t\t<div id=\"wcorg-speaker-marlon-amancio\" class=\"wcorg-speaker wcorg-speaker-marlon-amancio wcorg-track-auditorio\">\n\t\t\t\t<h2>\n\t\t\t\t\t\n\t\t\t\t\t\tMarlon Am\u00e2ncio\n\t\t\t\t\t\t\t\t\t<\/h2>\n\n\t\t\t\t<div class=\"wcorg-speaker-description\">\n\t\t\t\t\t<img alt='' src='https:\/\/secure.gravatar.com\/avatar\/9aaf6df7d6ae28420a1409040962093f7638700f5d7e66117d55d585f724f529?s=100&#038;d=mm&#038;r=g' srcset='https:\/\/secure.gravatar.com\/avatar\/9aaf6df7d6ae28420a1409040962093f7638700f5d7e66117d55d585f724f529?s=200&#038;d=mm&#038;r=g 2x' class='avatar avatar-100 photo' height='100' width='100' \/>\t\t\t\t\t<p>Bibliotec\u00e1rio por forma\u00e7\u00e3o, Web Designer por emo\u00e7\u00e3o! Trabalhando com WordPress desde 2010 desenvolveu grandes e variados projetos o que lhe garantiu experi\u00eancia para criar solu\u00e7\u00f5es simples e customizadas usando a ferramenta. Gosta de ensinar e compartilhar, sempre que pode fala sobre WordPress e ajuda no f\u00f3rum oficial.<\/p>\n\t\t\t\t<\/div>\n\t\t\t<\/div>\n\n\t\t\n\t\t\t<!-- Organizers note: The id attribute is deprecated and only remains for backwards compatibility, please use the corresponding class to target individual speakers -->\n\t\t\t<div id=\"wcorg-speaker-octavio-romes\" class=\"wcorg-speaker wcorg-speaker-octavio-romes wcorg-track-sala-125\">\n\t\t\t\t<h2>\n\t\t\t\t\t\n\t\t\t\t\t\tOct\u00e1vio Romes\n\t\t\t\t\t\t\t\t\t<\/h2>\n\n\t\t\t\t<div class=\"wcorg-speaker-description\">\n\t\t\t\t\t<img alt='' src='https:\/\/secure.gravatar.com\/avatar\/b1dc792011cfb90518af19d433b6862c4503cdb7d9be23995f9b75960f45b883?s=100&#038;d=mm&#038;r=g' srcset='https:\/\/secure.gravatar.com\/avatar\/b1dc792011cfb90518af19d433b6862c4503cdb7d9be23995f9b75960f45b883?s=200&#038;d=mm&#038;r=g 2x' class='avatar avatar-100 photo' height='100' width='100' \/>\t\t\t\t\t<p>Advogado. Empreendedor. Graduado em Direito pela PUC Minas. MBA em Governan\u00e7a Tribut\u00e1ria pelo Instituto Brasileiro de Planejamento Tribut\u00e1rio. S\u00f3cio Fundador do escrit\u00f3rio Romes &amp; Barbosa &#8211; Solu\u00e7\u00f5es Jur\u00eddicas. Experi\u00eancia na advocacia empresarial, civil e tribut\u00e1ria. Atualmente, busca adaptar e incorporar os conhecimentos e pr\u00e1ticas do direito empresarial tradicional para o universo das start ups, focando suas atividades em assessoria e consultoria jur\u00eddica especificamente para a cura das dores de empreendedores e de suas empresas.<\/p>\n\t\t\t\t<\/div>\n\t\t\t<\/div>\n\n\t\t\n\t\t\t<!-- Organizers note: The id attribute is deprecated and only remains for backwards compatibility, please use the corresponding class to target individual speakers -->\n\t\t\t<div id=\"wcorg-speaker-otaviano-silverio-de-sousa\" class=\"wcorg-speaker wcorg-speaker-otaviano-silverio-de-sousa wcorg-track-sala-125\">\n\t\t\t\t<h2>\n\t\t\t\t\t\n\t\t\t\t\t\tOtaviano Silv\u00e9rio de Sousa\n\t\t\t\t\t\t\t\t\t<\/h2>\n\n\t\t\t\t<div class=\"wcorg-speaker-description\">\n\t\t\t\t\t<img alt='' src='https:\/\/secure.gravatar.com\/avatar\/feb1cf096d50a1e5b60a9414b8dbe17a2d5a47bdae294434bfba174c09cbf52a?s=100&#038;d=mm&#038;r=g' srcset='https:\/\/secure.gravatar.com\/avatar\/feb1cf096d50a1e5b60a9414b8dbe17a2d5a47bdae294434bfba174c09cbf52a?s=200&#038;d=mm&#038;r=g 2x' class='avatar avatar-100 photo' height='100' width='100' \/>\t\t\t\t\t<p>Professor universit\u00e1rio e executivo de Tecnologia da Informa\u00e7\u00e3o com 30 anos de experi\u00eancia na \u00e1rea de Tecnologia da Informa\u00e7\u00e3o, abrangendo Gest\u00e3o e Implanta\u00e7\u00e3o de Projetos de Softwares, Gest\u00e3o de Mudan\u00e7as, E-Business e Infraestrutura Tecnol\u00f3gica adquirida em ind\u00fastria e franchising. S\u00f3lida viv\u00eancia em Gest\u00e3o da Tecnologia da Informa\u00e7\u00e3o, alinhada ao Neg\u00f3cio, Gest\u00e3o Executiva, Planejamento Estrat\u00e9gico e Opera\u00e7\u00f5es de Tecnologia da Informa\u00e7\u00e3o, E-Business, ERP, CRM e Servi\u00e7os Compartilhados.  Mestre em Administra\u00e7\u00e3o, P\u00f3s-Gradua\u00e7\u00e3o em Engenharia de Software e Governan\u00e7a de TI e Gradua\u00e7\u00e3o em Tecn\u00f3logo de Sistemas para Internet.  Coordenador de cursos de gradua\u00e7\u00e3o e p\u00f3s gradua\u00e7\u00e3o nas \u00e1reas de tecnologia e inova\u00e7\u00e3o. Trabalha com internet desde 1991.<\/p>\n\t\t\t\t<\/div>\n\t\t\t<\/div>\n\n\t\t\n\t\t\t<!-- Organizers note: The id attribute is deprecated and only remains for backwards compatibility, please use the corresponding class to target individual speakers -->\n\t\t\t<div id=\"wcorg-speaker-rodrigo-brito\" class=\"wcorg-speaker wcorg-speaker-rodrigo-brito wcorg-track-auditorio\">\n\t\t\t\t<h2>\n\t\t\t\t\t\n\t\t\t\t\t\tRodrigo Brito\n\t\t\t\t\t\t\t\t\t<\/h2>\n\n\t\t\t\t<div class=\"wcorg-speaker-description\">\n\t\t\t\t\t<img alt='' src='https:\/\/secure.gravatar.com\/avatar\/28da38ad99433acb1e0acddc05f7e4060cccbdf320e63e00c3bc67bc02fc93de?s=100&#038;d=mm&#038;r=g' srcset='https:\/\/secure.gravatar.com\/avatar\/28da38ad99433acb1e0acddc05f7e4060cccbdf320e63e00c3bc67bc02fc93de?s=200&#038;d=mm&#038;r=g 2x' class='avatar avatar-100 photo' height='100' width='100' \/>\t\t\t\t\t<p>Rodrigo Brito \u00e9 estudante de Sistemas de Informa\u00e7\u00e3o do IFMG, atua nas \u00e1reas de desenvolvimento web como programador Full Stack. Entusiasta de projetos open source e um grande amante de tecnologia. Desenvolvedor WordPress desde 2011, quando descobriu e se apaixonou por esta majestosa plataforma.<\/p>\n\t\t\t\t<\/div>\n\t\t\t<\/div>\n\n\t\t\n\t\t\t<!-- Organizers note: The id attribute is deprecated and only remains for backwards compatibility, please use the corresponding class to target individual speakers -->\n\t\t\t<div id=\"wcorg-speaker-valerio-souza\" class=\"wcorg-speaker wcorg-speaker-valerio-souza wcorg-track-sala-125\">\n\t\t\t\t<h2>\n\t\t\t\t\t\n\t\t\t\t\t\tVal\u00e9rio Souza\n\t\t\t\t\t\t\t\t\t<\/h2>\n\n\t\t\t\t<div class=\"wcorg-speaker-description\">\n\t\t\t\t\t<img alt='' src='https:\/\/secure.gravatar.com\/avatar\/47cd7962239f71e643b9b00f5eae21c1a4a33793fe2206946dbbabdc34ee93d7?s=100&#038;d=mm&#038;r=g' srcset='https:\/\/secure.gravatar.com\/avatar\/47cd7962239f71e643b9b00f5eae21c1a4a33793fe2206946dbbabdc34ee93d7?s=200&#038;d=mm&#038;r=g 2x' class='avatar avatar-100 photo' height='100' width='100' \/>\t\t\t\t\t<p>\u00c9 Especialista WordPress desde 2008 e trabalha com WEB desde 1998, \u00e9 Articulista de diversos sites sobre WordPress, estudou Publicidade e Propaganda e ap\u00f3s alguns anos Marketing. Participa do desenvolvimento da tradu\u00e7\u00e3o do WordPress e criador de v\u00e1rios plugins. Entusiasta e Evangelista da plataforma, membro da comunidade Brasileira, um dos criadores do Belo Horizonte WordPress Group e co-organizador do WordCamp BH.<\/p>\n\t\t\t\t<\/div>\n\t\t\t<\/div>\n\n\t\t\n\t<\/div>\n\n\t\n","protected":false},"excerpt":{"rendered":"","protected":false},"author":8185969,"featured_media":0,"parent":0,"menu_order":0,"comment_status":"closed","ping_status":"closed","template":"page-templates\/full-width.php","meta":{"jetpack_post_was_ever_published":false,"footnotes":""},"class_list":["post-27","page","type-page","status-publish","hentry"],"jetpack_sharing_enabled":true,"jetpack_shortlink":"https:\/\/wp.me\/P7v89d-r","_links":{"self":[{"href":"https:\/\/belohorizonte.wordcamp.org\/2016\/wp-json\/wp\/v2\/pages\/27","targetHints":{"allow":["GET"]}}],"collection":[{"href":"https:\/\/belohorizonte.wordcamp.org\/2016\/wp-json\/wp\/v2\/pages"}],"about":[{"href":"https:\/\/belohorizonte.wordcamp.org\/2016\/wp-json\/wp\/v2\/types\/page"}],"author":[{"embeddable":true,"href":"https:\/\/belohorizonte.wordcamp.org\/2016\/wp-json\/wp\/v2\/users\/8185969"}],"replies":[{"embeddable":true,"href":"https:\/\/belohorizonte.wordcamp.org\/2016\/wp-json\/wp\/v2\/comments?post=27"}],"version-history":[{"count":2,"href":"https:\/\/belohorizonte.wordcamp.org\/2016\/wp-json\/wp\/v2\/pages\/27\/revisions"}],"predecessor-version":[{"id":227,"href":"https:\/\/belohorizonte.wordcamp.org\/2016\/wp-json\/wp\/v2\/pages\/27\/revisions\/227"}],"wp:attachment":[{"href":"https:\/\/belohorizonte.wordcamp.org\/2016\/wp-json\/wp\/v2\/media?parent=27"}],"curies":[{"name":"wp","href":"https:\/\/api.w.org\/{rel}","templated":true}]}}