{"id":291,"date":"2016-06-07T18:00:57","date_gmt":"2016-06-07T21:00:57","guid":{"rendered":"http:\/\/2016.belohorizonte.wordcamp.org\/?page_id=291"},"modified":"2016-06-10T12:51:31","modified_gmt":"2016-06-10T15:51:31","slug":"o-tema","status":"publish","type":"page","link":"https:\/\/belohorizonte.wordcamp.org\/2016\/sobre\/o-tema\/","title":{"rendered":"O tema"},"content":{"rendered":"<div id=\"attachment_298\" style=\"width: 970px\" class=\"wp-caption alignnone\"><img loading=\"lazy\" decoding=\"async\" aria-describedby=\"caption-attachment-298\" src=\"http:\/\/2016.belohorizonte.wordcamp.org\/files\/2016\/06\/praca-da-estacao-GabrielaCheloni.jpg\" alt=\"Pra\u00e7a da Esta\u00e7\u00e3o (BH)\" width=\"960\" height=\"641\" class=\"size-full wp-image-298\" srcset=\"https:\/\/belohorizonte.wordcamp.org\/2016\/files\/2016\/06\/praca-da-estacao-GabrielaCheloni.jpg 960w, https:\/\/belohorizonte.wordcamp.org\/2016\/files\/2016\/06\/praca-da-estacao-GabrielaCheloni-300x200.jpg 300w, https:\/\/belohorizonte.wordcamp.org\/2016\/files\/2016\/06\/praca-da-estacao-GabrielaCheloni-768x513.jpg 768w, https:\/\/belohorizonte.wordcamp.org\/2016\/files\/2016\/06\/praca-da-estacao-GabrielaCheloni-449x300.jpg 449w, https:\/\/belohorizonte.wordcamp.org\/2016\/files\/2016\/06\/praca-da-estacao-GabrielaCheloni-624x417.jpg 624w\" sizes=\"auto, (max-width: 960px) 100vw, 960px\" \/><p id=\"caption-attachment-298\" class=\"wp-caption-text\">Foto: <a href=\"https:\/\/www.facebook.com\/GabrielaCheloni.Fotografia\" target=\"_blank\">Gabriela Cheloni<\/a><\/p><\/div>\n<p>Nos \u00faltimos anos do s\u00e9culo 19, o antigo arraial de Curral del Rei estava para se tornar a nova e moderna capital de Minas Gerais. Toda a regi\u00e3o era um imenso canteiro de obras cujas mat\u00e9rias-primas chegavam com o apito dos trens que tomavam conta da regi\u00e3o hoje conhecida pela seu edif\u00edcio mais importante: Pra\u00e7a da Esta\u00e7\u00e3o.<\/p>\n<p>A esta\u00e7\u00e3o se destacava no horizonte, porta de entrada de todos aqueles que chegavam \u00e0 rec\u00e9m-criada Belo Horizonte pela antiga Estrada de Ferro Central do Brasil. Mais tarde, em 1922, foi inaugurado o pr\u00e9dio atual, hoje sede do Museu de Artes e Of\u00edcio.<\/p>\n<p>Pela sua import\u00e2ncia na forma\u00e7\u00e3o da nova capital e como palco de manifesta\u00e7\u00f5es art\u00edsticas e pol\u00edticas at\u00e9 os dias de hoje, a organiza\u00e7\u00e3o do WordCamp BH faz sua homenagem a um dos principais cart\u00f5es-postais de Belo Horizonte.<\/p>\n","protected":false},"excerpt":{"rendered":"<p>Nos \u00faltimos anos do s\u00e9culo 19, o antigo arraial de Curral del Rei estava para se tornar a nova e moderna capital de Minas Gerais. Toda a regi\u00e3o era um imenso canteiro de obras cujas mat\u00e9rias-primas chegavam com o apito dos trens que tomavam conta da regi\u00e3o hoje conhecida pela seu edif\u00edcio mais importante: Pra\u00e7a [&hellip;]<\/p>\n","protected":false},"author":13192281,"featured_media":0,"parent":45,"menu_order":0,"comment_status":"closed","ping_status":"closed","template":"","meta":{"jetpack_post_was_ever_published":false,"footnotes":""},"class_list":["post-291","page","type-page","status-publish","hentry"],"jetpack_sharing_enabled":true,"jetpack_shortlink":"https:\/\/wp.me\/P7v89d-4H","_links":{"self":[{"href":"https:\/\/belohorizonte.wordcamp.org\/2016\/wp-json\/wp\/v2\/pages\/291","targetHints":{"allow":["GET"]}}],"collection":[{"href":"https:\/\/belohorizonte.wordcamp.org\/2016\/wp-json\/wp\/v2\/pages"}],"about":[{"href":"https:\/\/belohorizonte.wordcamp.org\/2016\/wp-json\/wp\/v2\/types\/page"}],"author":[{"embeddable":true,"href":"https:\/\/belohorizonte.wordcamp.org\/2016\/wp-json\/wp\/v2\/users\/13192281"}],"replies":[{"embeddable":true,"href":"https:\/\/belohorizonte.wordcamp.org\/2016\/wp-json\/wp\/v2\/comments?post=291"}],"version-history":[{"count":6,"href":"https:\/\/belohorizonte.wordcamp.org\/2016\/wp-json\/wp\/v2\/pages\/291\/revisions"}],"predecessor-version":[{"id":303,"href":"https:\/\/belohorizonte.wordcamp.org\/2016\/wp-json\/wp\/v2\/pages\/291\/revisions\/303"}],"up":[{"embeddable":true,"href":"https:\/\/belohorizonte.wordcamp.org\/2016\/wp-json\/wp\/v2\/pages\/45"}],"wp:attachment":[{"href":"https:\/\/belohorizonte.wordcamp.org\/2016\/wp-json\/wp\/v2\/media?parent=291"}],"curies":[{"name":"wp","href":"https:\/\/api.w.org\/{rel}","templated":true}]}}