{"id":36,"date":"2016-07-01T01:00:17","date_gmt":"2016-07-01T04:00:17","guid":{"rendered":"http:\/\/2016.belohorizonte.wordcamp.org\/?page_id=36"},"modified":"2016-07-01T18:39:43","modified_gmt":"2016-07-01T21:39:43","slug":"programacao","status":"publish","type":"page","link":"https:\/\/belohorizonte.wordcamp.org\/2016\/programacao\/","title":{"rendered":"Programa\u00e7\u00e3o"},"content":{"rendered":"<h2>Veja a programa\u00e7\u00e3o do WordCamp Belo Horizonte 2016<\/h2>\n<h3>S\u00e1bado, 23\u00a0de Julho<\/h3>\n<table class=\"wcpt-schedule\" border=\"0\"><thead><tr><th class=\"wcpt-col-time\">Hora<\/th><th class=\"wcpt-col-track\"> <span class=\"wcpt-track-name\">Audit\u00f3rio<\/span> <span class=\"wcpt-track-description\"><\/span> <\/th><th class=\"wcpt-col-track\"> <span class=\"wcpt-track-name\">Sala 125<\/span> <span class=\"wcpt-track-description\"><\/span> <\/th><\/tr><\/thead><tbody><tr class=\"wcpt-time-0800 global-session credenciamento\"><td class=\"wcpt-time\">08:00<\/td><td colspan=\"2\" class=\"wcb-track-auditorio wcb-track-sala-125 wcpt-session-type-custom wcb-session-credenciamento\" data-track-title=\"Audit\u00f3rio, Sala 125\" data-session-id=\"595\"><div class=\"wcb-session-cell-content\"><span class=\"wcpt-session-title\">Credenciamento<\/span><\/div><\/td><\/tr><tr class=\"wcpt-time-0840 global-session abertura\"><td class=\"wcpt-time\">08:40<\/td><td colspan=\"2\" class=\"wcb-track-auditorio wcb-track-sala-125 wcpt-session-type-custom wcb-session-abertura\" data-track-title=\"Audit\u00f3rio, Sala 125\" data-session-id=\"597\"><div class=\"wcb-session-cell-content\"><span class=\"wcpt-session-title\">Abertura<\/span><\/div><\/td><\/tr><tr class=\"wcpt-time-0900\"><td class=\"wcpt-time\">09:00<\/td><td colspan=\"1\" class=\"wcb-speaker-marlon-amancio wcb-track-auditorio wcpt-session-type-session wcb-session-fundamentos-do-wordpress-para-voce-sair-do-basico\" data-track-title=\"Audit\u00f3rio\" data-session-id=\"599\"><div class=\"wcb-session-cell-content\"><a class=\"wcpt-session-title\" href=\"https:\/\/belohorizonte.wordcamp.org\/2016\/session\/fundamentos-do-wordpress-para-voce-sair-do-basico\/\">Fundamentos do WordPress para voc\u00ea sair do b\u00e1sico<\/a> <span class=\"wcpt-session-speakers\"><a href=\"https:\/\/belohorizonte.wordcamp.org\/2016\/speaker\/marlon-amancio\/\">Marlon Am\u00e2ncio<\/a><\/span><\/div><div class=\"wcb-session-favourite-icon\"><a href=\"#\" role=\"button\" class=\"fav-session-button\" aria-pressed=\"false\"><span class=\"screen-reader-text\">Palestra favorita: Fundamentos do WordPress para voc\u00ea sair do b\u00e1sico<\/span><span class=\"dashicons dashicons-star-filled\"><\/span><\/a><\/div><\/td><td colspan=\"1\" class=\"wcb-speaker-otaviano-silverio-de-sousa wcb-track-sala-125 wcpt-session-type-session wcb-session-o-marco-civil-da-internet-sob-a-visao-de-um-cara-de-ti\" data-track-title=\"Sala 125\" data-session-id=\"621\"><div class=\"wcb-session-cell-content\"><a class=\"wcpt-session-title\" href=\"https:\/\/belohorizonte.wordcamp.org\/2016\/session\/o-marco-civil-da-internet-sob-a-visao-de-um-cara-de-ti\/\">O Marco Civil da Internet sob a vis\u00e3o de um cara de TI<\/a> <span class=\"wcpt-session-speakers\"><a href=\"https:\/\/belohorizonte.wordcamp.org\/2016\/speaker\/otaviano-silverio-de-sousa\/\">Otaviano Silv\u00e9rio de Sousa<\/a><\/span><\/div><div class=\"wcb-session-favourite-icon\"><a href=\"#\" role=\"button\" class=\"fav-session-button\" aria-pressed=\"false\"><span class=\"screen-reader-text\">Palestra favorita: O Marco Civil da Internet sob a vis\u00e3o de um cara de TI<\/span><span class=\"dashicons dashicons-star-filled\"><\/span><\/a><\/div><\/td><\/tr><tr class=\"wcpt-time-0945\"><td class=\"wcpt-time\">09:45<\/td><td colspan=\"1\" class=\"wcb-speaker-rodrigo-brito wcb-track-auditorio wcpt-session-type-session wcb-session-introducao-ao-desenvolvimento-de-temas-com-frameworks\" data-track-title=\"Audit\u00f3rio\" data-session-id=\"603\"><div class=\"wcb-session-cell-content\"><a class=\"wcpt-session-title\" href=\"https:\/\/belohorizonte.wordcamp.org\/2016\/session\/introducao-ao-desenvolvimento-de-temas-com-frameworks\/\">Introdu\u00e7\u00e3o ao desenvolvimento de temas com frameworks<\/a> <span class=\"wcpt-session-speakers\"><a href=\"https:\/\/belohorizonte.wordcamp.org\/2016\/speaker\/rodrigo-brito\/\">Rodrigo Brito<\/a><\/span><\/div><div class=\"wcb-session-favourite-icon\"><a href=\"#\" role=\"button\" class=\"fav-session-button\" aria-pressed=\"false\"><span class=\"screen-reader-text\">Palestra favorita: Introdu\u00e7\u00e3o ao desenvolvimento de temas com frameworks<\/span><span class=\"dashicons dashicons-star-filled\"><\/span><\/a><\/div><\/td><td colspan=\"1\" class=\"wcb-speaker-keyla-silva wcb-track-sala-125 wcpt-session-type-session wcb-session-como-oferecer-boas-experiencias-online-com-a-criacao-de-sites-de-qualidade\" data-track-title=\"Sala 125\" data-session-id=\"623\"><div class=\"wcb-session-cell-content\"><a class=\"wcpt-session-title\" href=\"https:\/\/belohorizonte.wordcamp.org\/2016\/session\/como-oferecer-boas-experiencias-online-com-a-criacao-de-sites-de-qualidade\/\">Como oferecer boas experi\u00eancias online com a cria\u00e7\u00e3o de sites de qualidade<\/a> <span class=\"wcpt-session-speakers\"><a href=\"https:\/\/belohorizonte.wordcamp.org\/2016\/speaker\/keyla-silva\/\">Keyla Silva<\/a><\/span><\/div><div class=\"wcb-session-favourite-icon\"><a href=\"#\" role=\"button\" class=\"fav-session-button\" aria-pressed=\"false\"><span class=\"screen-reader-text\">Palestra favorita: Como oferecer boas experi\u00eancias online com a cria\u00e7\u00e3o de sites de qualidade<\/span><span class=\"dashicons dashicons-star-filled\"><\/span><\/a><\/div><\/td><\/tr><tr class=\"wcpt-time-1030\"><td class=\"wcpt-time\">10:30<\/td><td colspan=\"1\" class=\"wcb-speaker-allyson-souza wcb-track-auditorio wcpt-session-type-session wcb-session-customizer-uma-melhor-experiencia-na-personalizacao-de-temas\" data-track-title=\"Audit\u00f3rio\" data-session-id=\"605\"><div class=\"wcb-session-cell-content\"><a class=\"wcpt-session-title\" href=\"https:\/\/belohorizonte.wordcamp.org\/2016\/session\/customizer-uma-melhor-experiencia-na-personalizacao-de-temas\/\">Customizer &#8211; Uma melhor experi\u00eancia na personaliza\u00e7\u00e3o de temas<\/a> <span class=\"wcpt-session-speakers\"><a href=\"https:\/\/belohorizonte.wordcamp.org\/2016\/speaker\/allyson-souza\/\">Allyson Souza<\/a><\/span><\/div><div class=\"wcb-session-favourite-icon\"><a href=\"#\" role=\"button\" class=\"fav-session-button\" aria-pressed=\"false\"><span class=\"screen-reader-text\">Palestra favorita: Customizer &#8211; Uma melhor experi\u00eancia na personaliza\u00e7\u00e3o de temas<\/span><span class=\"dashicons dashicons-star-filled\"><\/span><\/a><\/div><\/td><td colspan=\"1\" class=\"wcb-speaker-leonardo-passos wcb-track-sala-125 wcpt-session-type-session wcb-session-marketing-sites-em-wordpress-e-vendas-como-transformar-isso-tudo-em-dinheiro\" data-track-title=\"Sala 125\" data-session-id=\"625\"><div class=\"wcb-session-cell-content\"><a class=\"wcpt-session-title\" href=\"https:\/\/belohorizonte.wordcamp.org\/2016\/session\/marketing-sites-em-wordpress-e-vendas-como-transformar-isso-tudo-em-dinheiro\/\">Marketing, Sites em WordPress e Vendas. Como transformar isso tudo em dinheiro?<\/a> <span class=\"wcpt-session-speakers\"><a href=\"https:\/\/belohorizonte.wordcamp.org\/2016\/speaker\/leonardo-passos\/\">Leonardo Passos<\/a><\/span><\/div><div class=\"wcb-session-favourite-icon\"><a href=\"#\" role=\"button\" class=\"fav-session-button\" aria-pressed=\"false\"><span class=\"screen-reader-text\">Palestra favorita: Marketing, Sites em WordPress e Vendas. Como transformar isso tudo em dinheiro?<\/span><span class=\"dashicons dashicons-star-filled\"><\/span><\/a><\/div><\/td><\/tr><tr class=\"wcpt-time-1115\"><td class=\"wcpt-time\">11:15<\/td><td colspan=\"1\" class=\"wcb-speaker-anyssa-ferreira wcb-track-auditorio wcpt-session-type-session wcb-session-design-de-temas-para-woocommerce\" data-track-title=\"Audit\u00f3rio\" data-session-id=\"607\"><div class=\"wcb-session-cell-content\"><a class=\"wcpt-session-title\" href=\"https:\/\/belohorizonte.wordcamp.org\/2016\/session\/design-de-temas-para-woocommerce\/\">Design de temas para WooCommerce<\/a> <span class=\"wcpt-session-speakers\"><a href=\"https:\/\/belohorizonte.wordcamp.org\/2016\/speaker\/anyssa-ferreira\/\">Anyssa Ferreira<\/a><\/span><\/div><div class=\"wcb-session-favourite-icon\"><a href=\"#\" role=\"button\" class=\"fav-session-button\" aria-pressed=\"false\"><span class=\"screen-reader-text\">Palestra favorita: Design de temas para WooCommerce<\/span><span class=\"dashicons dashicons-star-filled\"><\/span><\/a><\/div><\/td><td colspan=\"1\" class=\"wcb-speaker-octavio-romes wcb-track-sala-125 wcpt-session-type-session wcb-session-wordpress-e-direitos-autorais-como-proteger-seu-conteudo-na-web\" data-track-title=\"Sala 125\" data-session-id=\"627\"><div class=\"wcb-session-cell-content\"><a class=\"wcpt-session-title\" href=\"https:\/\/belohorizonte.wordcamp.org\/2016\/session\/wordpress-e-direitos-autorais-como-proteger-seu-conteudo-na-web\/\">WordPress e direitos autorais: como proteger seu conte\u00fado na web<\/a> <span class=\"wcpt-session-speakers\"><a href=\"https:\/\/belohorizonte.wordcamp.org\/2016\/speaker\/octavio-romes\/\">Oct\u00e1vio Romes<\/a><\/span><\/div><div class=\"wcb-session-favourite-icon\"><a href=\"#\" role=\"button\" class=\"fav-session-button\" aria-pressed=\"false\"><span class=\"screen-reader-text\">Palestra favorita: WordPress e direitos autorais: como proteger seu conte\u00fado na web<\/span><span class=\"dashicons dashicons-star-filled\"><\/span><\/a><\/div><\/td><\/tr><tr class=\"wcpt-time-1200 global-session almoo-e-foto-oficial\"><td class=\"wcpt-time\">12:00<\/td><td colspan=\"2\" class=\"wcb-track-auditorio wcb-track-sala-125 wcpt-session-type-custom wcb-session-almoco-e-foto-oficial\" data-track-title=\"Audit\u00f3rio, Sala 125\" data-session-id=\"613\"><div class=\"wcb-session-cell-content\"><span class=\"wcpt-session-title\">Almo\u00e7o e foto oficial<\/span><\/div><\/td><\/tr><tr class=\"wcpt-time-1400\"><td class=\"wcpt-time\">14:00<\/td><td colspan=\"1\" class=\"wcb-speaker-daniel-kossmann-ferraz wcb-track-auditorio wcpt-session-type-session wcb-session-gerenciando-sites-em-wordpress-de-forma-eficiente-do-deploy-a-manutencao\" data-track-title=\"Audit\u00f3rio\" data-session-id=\"609\"><div class=\"wcb-session-cell-content\"><a class=\"wcpt-session-title\" href=\"https:\/\/belohorizonte.wordcamp.org\/2016\/session\/gerenciando-sites-em-wordpress-de-forma-eficiente-do-deploy-a-manutencao\/\">Gerenciando sites em WordPress de forma eficiente: do deploy \u00e0 manuten\u00e7\u00e3o<\/a> <span class=\"wcpt-session-speakers\"><a href=\"https:\/\/belohorizonte.wordcamp.org\/2016\/speaker\/daniel-kossmann-ferraz\/\">Daniel Kossmann Ferraz<\/a><\/span><\/div><div class=\"wcb-session-favourite-icon\"><a href=\"#\" role=\"button\" class=\"fav-session-button\" aria-pressed=\"false\"><span class=\"screen-reader-text\">Palestra favorita: Gerenciando sites em WordPress de forma eficiente: do deploy \u00e0 manuten\u00e7\u00e3o<\/span><span class=\"dashicons dashicons-star-filled\"><\/span><\/a><\/div><\/td><td colspan=\"1\" class=\"wcb-speaker-gabriela-leroy-oliveira wcb-track-sala-125 wcpt-session-type-session wcb-session-por-que-o-seu-marketing-digital-esta-dando-errado\" data-track-title=\"Sala 125\" data-session-id=\"629\"><div class=\"wcb-session-cell-content\"><a class=\"wcpt-session-title\" href=\"https:\/\/belohorizonte.wordcamp.org\/2016\/session\/por-que-o-seu-marketing-digital-esta-dando-errado\/\">Por que o seu marketing digital est\u00e1 dando errado?<\/a> <span class=\"wcpt-session-speakers\"><a href=\"https:\/\/belohorizonte.wordcamp.org\/2016\/speaker\/gabriela-leroy-oliveira\/\">Gabriela Leroy Oliveira<\/a><\/span><\/div><div class=\"wcb-session-favourite-icon\"><a href=\"#\" role=\"button\" class=\"fav-session-button\" aria-pressed=\"false\"><span class=\"screen-reader-text\">Palestra favorita: Por que o seu marketing digital est\u00e1 dando errado?<\/span><span class=\"dashicons dashicons-star-filled\"><\/span><\/a><\/div><\/td><\/tr><tr class=\"wcpt-time-1445\"><td class=\"wcpt-time\">14:45<\/td><td colspan=\"1\" class=\"wcb-speaker-jefferson-camargo wcb-speaker-leo-baiano wcb-track-auditorio wcpt-session-type-session wcb-session-home-viva-do-design-da-interface-ate-a-programacao-do-sistema\" data-track-title=\"Audit\u00f3rio\" data-session-id=\"611\"><div class=\"wcb-session-cell-content\"><a class=\"wcpt-session-title\" href=\"https:\/\/belohorizonte.wordcamp.org\/2016\/session\/home-viva-do-design-da-interface-ate-a-programacao-do-sistema\/\">Home viva: Do design da interface at\u00e9 a programa\u00e7\u00e3o do sistema<\/a> <span class=\"wcpt-session-speakers\"><a href=\"https:\/\/belohorizonte.wordcamp.org\/2016\/speaker\/jefferson-camargo\/\">Jefferson Camargo<\/a>, <a href=\"https:\/\/belohorizonte.wordcamp.org\/2016\/speaker\/leo-baiano\/\">L\u00e9o Baiano<\/a><\/span><\/div><div class=\"wcb-session-favourite-icon\"><a href=\"#\" role=\"button\" class=\"fav-session-button\" aria-pressed=\"false\"><span class=\"screen-reader-text\">Palestra favorita: Home viva: Do design da interface at\u00e9 a programa\u00e7\u00e3o do sistema<\/span><span class=\"dashicons dashicons-star-filled\"><\/span><\/a><\/div><\/td><td colspan=\"1\" class=\"wcb-speaker-lucas-murta wcb-track-sala-125 wcpt-session-type-session wcb-session-symlink-em-wordpress\" data-track-title=\"Sala 125\" data-session-id=\"635\"><div class=\"wcb-session-cell-content\"><a class=\"wcpt-session-title\" href=\"https:\/\/belohorizonte.wordcamp.org\/2016\/session\/symlink-em-wordpress\/\">Symlink em WordPress<\/a> <span class=\"wcpt-session-speakers\"><a href=\"https:\/\/belohorizonte.wordcamp.org\/2016\/speaker\/lucas-murta\/\">Lucas Murta<\/a><\/span><\/div><div class=\"wcb-session-favourite-icon\"><a href=\"#\" role=\"button\" class=\"fav-session-button\" aria-pressed=\"false\"><span class=\"screen-reader-text\">Palestra favorita: Symlink em WordPress<\/span><span class=\"dashicons dashicons-star-filled\"><\/span><\/a><\/div><\/td><\/tr><tr class=\"wcpt-time-1530 global-session coffee-break\"><td class=\"wcpt-time\">15:30<\/td><td colspan=\"2\" class=\"wcb-track-auditorio wcb-track-sala-125 wcpt-session-type-custom wcb-session-coffee-break\" data-track-title=\"Audit\u00f3rio, Sala 125\" data-session-id=\"617\"><div class=\"wcb-session-cell-content\"><span class=\"wcpt-session-title\">Coffee Break<\/span><\/div><\/td><\/tr><tr class=\"wcpt-time-1600\"><td class=\"wcpt-time\">16:00<\/td><td colspan=\"1\" class=\"wcb-speaker-daviwp wcb-track-auditorio wcpt-session-type-session wcb-session-seguranca-de-sites-wordpress\" data-track-title=\"Audit\u00f3rio\" data-session-id=\"615\"><div class=\"wcb-session-cell-content\"><a class=\"wcpt-session-title\" href=\"https:\/\/belohorizonte.wordcamp.org\/2016\/session\/seguranca-de-sites-wordpress\/\">Seguran\u00e7a de sites WordPress<\/a> <span class=\"wcpt-session-speakers\"><a href=\"https:\/\/belohorizonte.wordcamp.org\/2016\/speaker\/daviwp\/\">Daviwp<\/a><\/span><\/div><div class=\"wcb-session-favourite-icon\"><a href=\"#\" role=\"button\" class=\"fav-session-button\" aria-pressed=\"false\"><span class=\"screen-reader-text\">Palestra favorita: Seguran\u00e7a de sites WordPress<\/span><span class=\"dashicons dashicons-star-filled\"><\/span><\/a><\/div><\/td><td colspan=\"1\" class=\"wcb-speaker-leonardo-veloso wcb-speaker-valerio-souza wcb-track-sala-125 wcpt-session-type-session wcb-session-startups-com-wordpress\" data-track-title=\"Sala 125\" data-session-id=\"631\"><div class=\"wcb-session-cell-content\"><a class=\"wcpt-session-title\" href=\"https:\/\/belohorizonte.wordcamp.org\/2016\/session\/startups-com-wordpress\/\">Startups com WordPress<\/a> <span class=\"wcpt-session-speakers\"><a href=\"https:\/\/belohorizonte.wordcamp.org\/2016\/speaker\/leonardo-veloso\/\">Leonardo Velozo<\/a>, <a href=\"https:\/\/belohorizonte.wordcamp.org\/2016\/speaker\/valerio-souza\/\">Val\u00e9rio Souza<\/a><\/span><\/div><div class=\"wcb-session-favourite-icon\"><a href=\"#\" role=\"button\" class=\"fav-session-button\" aria-pressed=\"false\"><span class=\"screen-reader-text\">Palestra favorita: Startups com WordPress<\/span><span class=\"dashicons dashicons-star-filled\"><\/span><\/a><\/div><\/td><\/tr><tr class=\"wcpt-time-1645\"><td class=\"wcpt-time\">16:45<\/td><td colspan=\"1\" class=\"wcb-speaker-daniel-coscarelli wcb-track-auditorio wcpt-session-type-session wcb-session-pesquisas-com-usuarios-o-que-desenvolvedores-tambem-precisam-saber\" data-track-title=\"Audit\u00f3rio\" data-session-id=\"619\"><div class=\"wcb-session-cell-content\"><a class=\"wcpt-session-title\" href=\"https:\/\/belohorizonte.wordcamp.org\/2016\/session\/pesquisas-com-usuarios-o-que-desenvolvedores-tambem-precisam-saber\/\">Pesquisas com usu\u00e1rios, o que desenvolvedores tamb\u00e9m precisam saber!<\/a> <span class=\"wcpt-session-speakers\"><a href=\"https:\/\/belohorizonte.wordcamp.org\/2016\/speaker\/daniel-coscarelli\/\">Daniel Coscarelli<\/a><\/span><\/div><div class=\"wcb-session-favourite-icon\"><a href=\"#\" role=\"button\" class=\"fav-session-button\" aria-pressed=\"false\"><span class=\"screen-reader-text\">Palestra favorita: Pesquisas com usu\u00e1rios, o que desenvolvedores tamb\u00e9m precisam saber!<\/span><span class=\"dashicons dashicons-star-filled\"><\/span><\/a><\/div><\/td><td colspan=\"1\" class=\"wcb-speaker-junior-grossi wcb-track-sala-125 wcpt-session-type-session wcb-session-corcel-wordpress-laravel\" data-track-title=\"Sala 125\" data-session-id=\"633\"><div class=\"wcb-session-cell-content\"><a class=\"wcpt-session-title\" href=\"https:\/\/belohorizonte.wordcamp.org\/2016\/session\/corcel-wordpress-laravel\/\">Corcel = WordPress + Laravel. Como o open source tamb\u00e9m pode mudar a sua vida.<\/a> <span class=\"wcpt-session-speakers\"><a href=\"https:\/\/belohorizonte.wordcamp.org\/2016\/speaker\/junior-grossi\/\">Junior Grossi<\/a><\/span><\/div><div class=\"wcb-session-favourite-icon\"><a href=\"#\" role=\"button\" class=\"fav-session-button\" aria-pressed=\"false\"><span class=\"screen-reader-text\">Palestra favorita: Corcel = WordPress + Laravel. Como o open source tamb\u00e9m pode mudar a sua vida.<\/span><span class=\"dashicons dashicons-star-filled\"><\/span><\/a><\/div><\/td><\/tr><tr class=\"wcpt-time-1730 global-session encerramento\"><td class=\"wcpt-time\">17:30<\/td><td colspan=\"2\" class=\"wcb-track-auditorio wcb-track-sala-125 wcpt-session-type-custom wcb-session-encerramento\" data-track-title=\"Audit\u00f3rio, Sala 125\" data-session-id=\"638\"><div class=\"wcb-session-cell-content\"><span class=\"wcpt-session-title\">Encerramento<\/span><\/div><\/td><\/tr><\/tbody><\/table>\n\t<div class=\"email-form fav-session-email-form-hide\">\n\t\t<!-- Tab links -->\n\t\t<div class=\"fav-session-share-tab\">\n\t\t\t\t\t\t\t<div class=\"fav-session-tablinks\" id=\"fav-session-btn-email\">\n\t\t\t\t\tE-mail\t\t\t\t<\/div>\n\t\t\t\n\t\t\t<div class=\"fav-session-tablinks\" id=\"fav-session-btn-link\">\n\t\t\t\tLink\t\t\t<\/div>\n\n\t\t\t<div class=\"fav-session-tablinks\" id=\"fav-session-btn-print\">\n\t\t\t\tImprimir\t\t\t<\/div>\n\t\t<\/div>\n\n\t\t<!-- Tab content -->\n\t\t\t\t\t<div id=\"fav-session-tab-email\" class=\"fav-session-share-tabcontent\">\n\t\t\t\t<div id=\"fav-session-email-form\">\n\t\t\t\t\tEnvie-me minhas sess\u00f5es favoritas:\n\t\t\t\t\t<form id=\"fav-sessions-form\">\n\t\t\t\t\t\t<input\n\t\t\t\t\t\t\ttype=\"text\"\n\t\t\t\t\t\t\tname=\"email_address\"\n\t\t\t\t\t\t\tid=\"fav-sessions-email-address\"\n\t\t\t\t\t\t\tplaceholder=\"me@protonmail.com\"\n\t\t\t\t\t\t\/>\n\t\t\t\t\t\t<input type=\"submit\" value=\"Enviar\" \/>\n\t\t\t\t\t<\/form>\n\t\t\t\t<\/div>\n\n\t\t\t\t<div class=\"fav-session-email-wait-spinner\"><\/div>\n\t\t\t\t<div class=\"fav-session-email-result\"><\/div>\n\t\t\t<\/div>\n\t\t\n\t\t<div id=\"fav-session-tab-link\" class=\"fav-session-share-tabcontent\">\n\t\t\tLink compartilh\u00e1vel:\t\t\t<br \/>\n\t\t\t<a id=\"fav-sessions-link\" href=\"\"><\/a>\n\t\t<\/div>\n\n\t\t<div id=\"fav-session-tab-print\" class=\"fav-session-share-tabcontent\">\n\t\t\t<button id=\"fav-session-print\">\n\t\t\t\tImprimir sess\u00f5es favoritas\t\t\t<\/button>\n\t\t<\/div>\n\t<\/div>\n\n\t<a class=\"show-email-form\" href=\"javascript:\">\n\t\t<span class=\"dashicons dashicons-star-filled\"><\/span>\n\t\t<span class=\"dashicons dashicons-email-alt\"><\/span>\n\t<\/a>\n\n\t\n","protected":false},"excerpt":{"rendered":"<p>Veja a programa\u00e7\u00e3o do WordCamp Belo Horizonte 2016 S\u00e1bado, 23\u00a0de Julho<\/p>\n","protected":false},"author":8185969,"featured_media":0,"parent":0,"menu_order":0,"comment_status":"closed","ping_status":"closed","template":"page-templates\/full-width.php","meta":{"jetpack_post_was_ever_published":false,"footnotes":""},"class_list":["post-36","page","type-page","status-publish","hentry"],"jetpack_sharing_enabled":true,"jetpack_shortlink":"https:\/\/wp.me\/P7v89d-A","_links":{"self":[{"href":"https:\/\/belohorizonte.wordcamp.org\/2016\/wp-json\/wp\/v2\/pages\/36","targetHints":{"allow":["GET"]}}],"collection":[{"href":"https:\/\/belohorizonte.wordcamp.org\/2016\/wp-json\/wp\/v2\/pages"}],"about":[{"href":"https:\/\/belohorizonte.wordcamp.org\/2016\/wp-json\/wp\/v2\/types\/page"}],"author":[{"embeddable":true,"href":"https:\/\/belohorizonte.wordcamp.org\/2016\/wp-json\/wp\/v2\/users\/8185969"}],"replies":[{"embeddable":true,"href":"https:\/\/belohorizonte.wordcamp.org\/2016\/wp-json\/wp\/v2\/comments?post=36"}],"version-history":[{"count":14,"href":"https:\/\/belohorizonte.wordcamp.org\/2016\/wp-json\/wp\/v2\/pages\/36\/revisions"}],"predecessor-version":[{"id":678,"href":"https:\/\/belohorizonte.wordcamp.org\/2016\/wp-json\/wp\/v2\/pages\/36\/revisions\/678"}],"wp:attachment":[{"href":"https:\/\/belohorizonte.wordcamp.org\/2016\/wp-json\/wp\/v2\/media?parent=36"}],"curies":[{"name":"wp","href":"https:\/\/api.w.org\/{rel}","templated":true}]}}