{"id":45,"date":"2016-05-18T16:36:54","date_gmt":"2016-05-18T19:36:54","guid":{"rendered":"http:\/\/2016.belohorizonte.wordcamp.org\/?page_id=45"},"modified":"2016-05-18T16:36:54","modified_gmt":"2016-05-18T19:36:54","slug":"sobre","status":"publish","type":"page","link":"https:\/\/belohorizonte.wordcamp.org\/2016\/sobre\/","title":{"rendered":"Sobre"},"content":{"rendered":"<h1><b>O QUE \u00c9 WORDCAMP?<\/b><\/h1>\n<p>O<a href=\"http:\/\/central.wordcamp.org\/\" target=\"_blank\"> WordCamp<\/a> \u00e9 uma confer\u00eancia sem fins lucrativos, que busca criar e compartilhar conhecimento sobre WordPress. O evento conta com um conjunto de palestras, debates e oficinas destinadas \u00e0 desenvolvedores e usu\u00e1rios.<\/p>\n<p>Originado nos Estados unidos, o evento acontece no mundo todo, e com o apoio da <a href=\"http:\/\/wordpressfoundation.org\/\" target=\"_blank\">Funda\u00e7\u00e3o WordPress<\/a> e da<a href=\"http:\/\/automattic.com\/\" target=\"_blank\"> Automattic<\/a>, detentora da marca <a href=\"http:\/\/wordpress.org\/\" target=\"_blank\">WordPress<\/a>.<\/p>\n<p>Belo Horizonte \u00e9 a 4\u00b0 capital brasileira a sediar o evento.<\/p>\n<p><b>O P\u00daBLICO<\/b><\/p>\n<p>O WordCamp busca reunir desenvolvedores, designers, publicit\u00e1rios, jornalistas, blogueiros e usu\u00e1rios casuais para debater os avan\u00e7os, usabilidade, ferramentas, plugins e o c\u00f3digo do WordPress, ampliando a comunidade de usu\u00e1rios, profissionais e entusiastas.<\/p>\n<p><b>HIST\u00d3RIA<\/b><\/p>\n<p>O primeiro WordCamp acontecem em julho de 2006 em S\u00e3o Francisco. Organizado por Matt Mullenweg, criador do WordPress, conseguiu em apenas tr\u00eas semanas reunir mais de 300 participantes, tornando-se um sucesso imediato. A sua primeira edi\u00e7\u00e3o internacional conhecida aconteceu em Israel no dia 25 de outubro de 2007. Desde ent\u00e3o, o WordCamp se espalhou pelas principais cidades do mundo, como Paris, Mil\u00e3o, T\u00f3quio, Melbourne, Sydney, Birmingham, Hamburgo e Vancouver. Em 2009, para alegria de uma das maiores comunidades do planeta, foi realizado o primeiro WordCamp Brasil, em S\u00e3o Paulo.<\/p>\n<p>Com o primeiro evento em SP, a comunidade come\u00e7ou a se organizar e realizar evento em outras cidades. Porto Alegre, Curitiba e Belo Horizonte come\u00e7aram a articular meetups para discutir a viabilidade de novos WordCamps.<\/p>\n<p>Em outubro de 2010 o evento foi realizado em Curitiba, contanto com cerca de 300 participantes nos dois dias de evento.<\/p>\n<p>Em 2013, Belo Horizonte foi aprovada pela funda\u00e7\u00e3o WordPress como cidade sede. Com uma equipe organizadora empolgada, liderada por Val\u00e9rio Souza \u2013 experiente desenvolvedor da plataforma \u2013 o evento aconteceu no dia\u00a017 de maio de 2014, com cerca de 300 pessoas.<\/p>\n<p>A edi\u00e7\u00e3o 2015 aconteceu no dia 13 de Junho e contou com mais de 400 pessoas presentes de todo o mundo, no Teatro Ney Soares, com 5 pessoas na equipe. Val\u00e9rio Souza, Diego Lee, Gabi Leroy, Carol Gomes e Davi Alves.<\/p>\n<p>Quer participar do WordCamp?<a title=\"Ingressos\" href=\"https:\/\/2016.belohorizonte.wordcamp.org\/ingressos\/\"> Inscreva-se agora<\/a>.<\/p>\n","protected":false},"excerpt":{"rendered":"<p>O QUE \u00c9 WORDCAMP? O WordCamp \u00e9 uma confer\u00eancia sem fins lucrativos, que busca criar e compartilhar conhecimento sobre WordPress. O evento conta com um conjunto de palestras, debates e oficinas destinadas \u00e0 desenvolvedores e usu\u00e1rios. Originado nos Estados unidos, o evento acontece no mundo todo, e com o apoio da Funda\u00e7\u00e3o WordPress e da [&hellip;]<\/p>\n","protected":false},"author":8185969,"featured_media":0,"parent":0,"menu_order":0,"comment_status":"closed","ping_status":"closed","template":"","meta":{"_crdt_document":"","jetpack_post_was_ever_published":false,"footnotes":""},"class_list":["post-45","page","type-page","status-publish","hentry"],"jetpack_sharing_enabled":true,"jetpack_shortlink":"https:\/\/wp.me\/P7v89d-J","_links":{"self":[{"href":"https:\/\/belohorizonte.wordcamp.org\/2016\/wp-json\/wp\/v2\/pages\/45","targetHints":{"allow":["GET"]}}],"collection":[{"href":"https:\/\/belohorizonte.wordcamp.org\/2016\/wp-json\/wp\/v2\/pages"}],"about":[{"href":"https:\/\/belohorizonte.wordcamp.org\/2016\/wp-json\/wp\/v2\/types\/page"}],"author":[{"embeddable":true,"href":"https:\/\/belohorizonte.wordcamp.org\/2016\/wp-json\/wp\/v2\/users\/8185969"}],"replies":[{"embeddable":true,"href":"https:\/\/belohorizonte.wordcamp.org\/2016\/wp-json\/wp\/v2\/comments?post=45"}],"version-history":[{"count":1,"href":"https:\/\/belohorizonte.wordcamp.org\/2016\/wp-json\/wp\/v2\/pages\/45\/revisions"}],"predecessor-version":[{"id":46,"href":"https:\/\/belohorizonte.wordcamp.org\/2016\/wp-json\/wp\/v2\/pages\/45\/revisions\/46"}],"wp:attachment":[{"href":"https:\/\/belohorizonte.wordcamp.org\/2016\/wp-json\/wp\/v2\/media?parent=45"}],"curies":[{"name":"wp","href":"https:\/\/api.w.org\/{rel}","templated":true}]}}