{"id":49,"date":"2016-05-18T16:38:57","date_gmt":"2016-05-18T19:38:57","guid":{"rendered":"http:\/\/2016.belohorizonte.wordcamp.org\/?page_id=49"},"modified":"2016-05-23T21:08:08","modified_gmt":"2016-05-24T00:08:08","slug":"conheca-belo-horizonte","status":"publish","type":"page","link":"https:\/\/belohorizonte.wordcamp.org\/2016\/sobre\/conheca-belo-horizonte\/","title":{"rendered":"Conhe\u00e7a Belo Horizonte"},"content":{"rendered":"<p><a href=\"http:\/\/2016.belohorizonte.wordcamp.org\/files\/2016\/05\/Belo-Horizonte-Serra-do-Curral.jpeg\"><img loading=\"lazy\" decoding=\"async\" class=\"alignleft wp-image-148 size-large\" src=\"http:\/\/2016.belohorizonte.wordcamp.org\/files\/2016\/05\/Belo-Horizonte-Serra-do-Curral-1024x285.jpeg\" alt=\"Belo Horizonte Serra do Curral\" width=\"625\" height=\"174\" srcset=\"https:\/\/belohorizonte.wordcamp.org\/2016\/files\/2016\/05\/Belo-Horizonte-Serra-do-Curral-1024x285.jpeg 1024w, https:\/\/belohorizonte.wordcamp.org\/2016\/files\/2016\/05\/Belo-Horizonte-Serra-do-Curral-300x83.jpeg 300w, https:\/\/belohorizonte.wordcamp.org\/2016\/files\/2016\/05\/Belo-Horizonte-Serra-do-Curral-768x214.jpeg 768w, https:\/\/belohorizonte.wordcamp.org\/2016\/files\/2016\/05\/Belo-Horizonte-Serra-do-Curral-500x139.jpeg 500w, https:\/\/belohorizonte.wordcamp.org\/2016\/files\/2016\/05\/Belo-Horizonte-Serra-do-Curral-624x174.jpeg 624w, https:\/\/belohorizonte.wordcamp.org\/2016\/files\/2016\/05\/Belo-Horizonte-Serra-do-Curral.jpeg 1280w\" sizes=\"auto, (max-width: 625px) 100vw, 625px\" \/><\/a><\/p>\n<p>Conhecida como a capital dos bares, Belo Horizonte tem uma cena noturna agitada, principalmente nas regi\u00f5es da Savassi e Lourdes. Na d\u00e9cada de 40, um grande complexo arquitet\u00f4nico idealizado por Juscelino Kubitschek e projetado por Oscar Niemeyer. No entorno da Lagoa da Pampulha, as obras do arquiteto interagem com jardins de Burle Marx e pinturas de C\u00e2ndido Portinari, criando um cen\u00e1rio \u00edmpar. A regi\u00e3o da Pampulha \u00e9 tamb\u00e9m ber\u00e7o do est\u00e1dio Mineir\u00e3o e do gin\u00e1sio Mineirinho, os maiores complexos esportivos do estado.<\/p>\n<p>Para quem gosta de culin\u00e1ria tradicional, BH oferece o melhor da cozinha mineira em dezenas de restaurantes. Dos mais tradicionais, at\u00e9 vers\u00f5es modernas, que oferecem releituras das receitas t\u00edpicas de Minas Gerais.<\/p>\n<p>Belo Horizonte \u00e9 um grande centro cultural, que vem evoluindo ano a ano, principalmente atrav\u00e9s de iniciativas populares que promovem eventos gratuitos no centro da cidade, na regi\u00e3o de Santa Tereza, tradicional reduto bo\u00eamio e nas pra\u00e7as p\u00fablicas espalhadas pelo munic\u00edpio.<\/p>\n<p>O WordCamp Belo Horizonte ser\u00e1 uma \u00f3tima oportunidade para quem deseja conhecer melhor alguns dos charmosos atributos dessa grande metr\u00f3pole. Venha participar.<\/p>\n<p>Quer conhecer melhor Belo Horizonte? Visite o <a href=\"http:\/\/www.soubh.com.br\/\" target=\"_blank\">Portal SouBH<\/a> e saiba tudo sobre BH.<\/p>\n","protected":false},"excerpt":{"rendered":"<p>Conhecida como a capital dos bares, Belo Horizonte tem uma cena noturna agitada, principalmente nas regi\u00f5es da Savassi e Lourdes. Na d\u00e9cada de 40, um grande complexo arquitet\u00f4nico idealizado por Juscelino Kubitschek e projetado por Oscar Niemeyer. No entorno da Lagoa da Pampulha, as obras do arquiteto interagem com jardins de Burle Marx e pinturas [&hellip;]<\/p>\n","protected":false},"author":8185969,"featured_media":0,"parent":45,"menu_order":0,"comment_status":"closed","ping_status":"closed","template":"","meta":{"jetpack_post_was_ever_published":false,"footnotes":""},"class_list":["post-49","page","type-page","status-publish","hentry"],"jetpack_sharing_enabled":true,"jetpack_shortlink":"https:\/\/wp.me\/P7v89d-N","_links":{"self":[{"href":"https:\/\/belohorizonte.wordcamp.org\/2016\/wp-json\/wp\/v2\/pages\/49","targetHints":{"allow":["GET"]}}],"collection":[{"href":"https:\/\/belohorizonte.wordcamp.org\/2016\/wp-json\/wp\/v2\/pages"}],"about":[{"href":"https:\/\/belohorizonte.wordcamp.org\/2016\/wp-json\/wp\/v2\/types\/page"}],"author":[{"embeddable":true,"href":"https:\/\/belohorizonte.wordcamp.org\/2016\/wp-json\/wp\/v2\/users\/8185969"}],"replies":[{"embeddable":true,"href":"https:\/\/belohorizonte.wordcamp.org\/2016\/wp-json\/wp\/v2\/comments?post=49"}],"version-history":[{"count":4,"href":"https:\/\/belohorizonte.wordcamp.org\/2016\/wp-json\/wp\/v2\/pages\/49\/revisions"}],"predecessor-version":[{"id":151,"href":"https:\/\/belohorizonte.wordcamp.org\/2016\/wp-json\/wp\/v2\/pages\/49\/revisions\/151"}],"up":[{"embeddable":true,"href":"https:\/\/belohorizonte.wordcamp.org\/2016\/wp-json\/wp\/v2\/pages\/45"}],"wp:attachment":[{"href":"https:\/\/belohorizonte.wordcamp.org\/2016\/wp-json\/wp\/v2\/media?parent=49"}],"curies":[{"name":"wp","href":"https:\/\/api.w.org\/{rel}","templated":true}]}}